{"id":1563,"date":"2025-02-21T16:45:30","date_gmt":"2025-02-21T15:45:30","guid":{"rendered":"https:\/\/capner.ch\/contacts\/"},"modified":"2025-10-06T10:22:42","modified_gmt":"2025-10-06T08:22:42","slug":"kontakt","status":"publish","type":"page","link":"https:\/\/capner.ch\/de\/kontakt\/","title":{"rendered":"Kontakt"},"content":{"rendered":"\n<div class=\"wp-block-cover alignfull has-custom-content-position is-position-bottom-center copertina-pagina\" style=\"padding-top:var(--wp--preset--spacing--50);padding-right:6vw;padding-bottom:var(--wp--preset--spacing--50);padding-left:6vw;min-height:50vh;aspect-ratio:unset;\"><img loading=\"lazy\" decoding=\"async\" width=\"2000\" height=\"1333\" class=\"wp-block-cover__image-background wp-image-1564 size-full\" alt=\"\" src=\"https:\/\/capner.ch\/wp-content\/uploads\/sites\/5\/2025\/02\/Capner_sezione_contatti_R219352-1.jpg\" style=\"object-position:50% 51%\" data-object-fit=\"cover\" data-object-position=\"50% 51%\" srcset=\"https:\/\/capner.ch\/wp-content\/uploads\/sites\/5\/2025\/02\/Capner_sezione_contatti_R219352-1.jpg 2000w, https:\/\/capner.ch\/wp-content\/uploads\/sites\/5\/2025\/02\/Capner_sezione_contatti_R219352-1-300x200.jpg 300w, https:\/\/capner.ch\/wp-content\/uploads\/sites\/5\/2025\/02\/Capner_sezione_contatti_R219352-1-1024x682.jpg 1024w, https:\/\/capner.ch\/wp-content\/uploads\/sites\/5\/2025\/02\/Capner_sezione_contatti_R219352-1-768x512.jpg 768w, https:\/\/capner.ch\/wp-content\/uploads\/sites\/5\/2025\/02\/Capner_sezione_contatti_R219352-1-1536x1024.jpg 1536w\" sizes=\"auto, (max-width: 2000px) 100vw, 2000px\" \/><span aria-hidden=\"true\" class=\"wp-block-cover__background has-custom-nero-background-color has-background-dim-60 has-background-dim\"><\/span><div class=\"wp-block-cover__inner-container has-global-padding is-layout-constrained wp-container-core-cover-is-layout-f8568722 wp-block-cover-is-layout-constrained\">\n<div style=\"height:20vh\" aria-hidden=\"true\" class=\"wp-block-spacer\"><\/div>\n\n\n\n<h2 class=\"wp-block-heading has-text-align-left has-neue-montreal-font-family has-titolo-giant-font-size\">Kontakt<\/h2>\n\n\n\n<div class=\"wp-block-group is-nowrap is-layout-flex wp-container-core-group-is-layout-6c531013 wp-block-group-is-layout-flex\">\n<div class=\"wp-block-group has-global-padding is-layout-constrained wp-container-core-group-is-layout-bea02a06 wp-block-group-is-layout-constrained\">\n<p class=\"has-titolo-sezione-font-size\">Ben\u00f6tigen Sie weitere Informationen?<\/p>\n<\/div>\n<\/div>\n<\/div><\/div>\n\n\n\n<div class=\"wp-block-group alignwide has-global-padding is-layout-constrained wp-block-group-is-layout-constrained\" style=\"padding-top:var(--wp--preset--spacing--40);padding-bottom:var(--wp--preset--spacing--40)\">\n<div class=\"wp-block-columns is-layout-flex wp-container-core-columns-is-layout-9c22b1e3 wp-block-columns-is-layout-flex\">\n<div class=\"wp-block-column is-layout-flow wp-block-column-is-layout-flow\">\n<div class=\"wp-block-columns is-layout-flex wp-container-core-columns-is-layout-28f84493 wp-block-columns-is-layout-flex\">\n<div class=\"wp-block-column is-layout-flow wp-block-column-is-layout-flow\">\n<div class=\"wp-block-group is-layout-flow wp-block-group-is-layout-flow\">\n<h1 class=\"wp-block-heading has-titolo-sezione-font-size\">Capner hilft Ihnen <strong>energieunabh\u00e4ngig<\/strong> zu werden.<\/h1>\n\n\n\n<p class=\"\">Teilen Sie uns mit wie wir Sie erreichen k\u00f6nnen und wir melden uns so schnell wie m\u00f6glich bei Ihnen.<\/p>\n\n\n\n<div class=\"wp-block-group is-nowrap is-layout-flex wp-container-core-group-is-layout-cd9ab148 wp-block-group-is-layout-flex\">\n<p class=\"\"><strong>CAPNER SWITZERLAND SA<br><\/strong>Route des Gouttes-d\u2019Or 98<br>2000 Neuch\u00e2tel<br>N\u00b0 de TVA : CHE-452.459.307 TVA<br><br><a href=\"tel:+41325019919\">+41 32 501 99 19<\/a><br><a href=\"mailto:info@capner.ch\">info@capner.ch<\/a><\/p>\n<\/div>\n\n\n\n<div style=\"height:30px\" aria-hidden=\"true\" class=\"wp-block-spacer\"><\/div>\n\n\n\n<h3 class=\"wp-block-heading has-m-font-size\"><strong>\u00d6ffnungszeiten<\/strong><\/h3>\n\n\n\n<p class=\"\"><strong>Montag:<\/strong> 10:00 &#8211; 14:00<br><strong>Dienstag: <\/strong>10:00 &#8211; 14:00<br><strong>Mittwoch:<\/strong> 10:00 &#8211; 14:00<br><strong>Donnerstag:<\/strong> 10:00 &#8211; 14:00<br><strong>Freitag:<\/strong> 10:00 &#8211; 14:00<br><strong>Samstag:<\/strong> Geschlossen<br><strong>Sonntag: <\/strong>Geschlossen<\/p>\n\n\n\n<p class=\"\"><strong>Unsere Produkte werden in folgenden L\u00e4ndern vertrieben:<\/strong><\/p>\n\n\n\n<p class=\"\">\ud83c\udde7\ud83c\uddea Belgien<br>\ud83c\uddf1\ud83c\uddfa Luxemburg<br>\ud83c\udde8\ud83c\udded Schweiz<br> \ud83c\uddee\ud83c\uddf9 Italien<br> \ud83c\uddeb\ud83c\uddf7 Frankreich \u2013 demn\u00e4chst verf\u00fcgbar<br> \ud83c\uddf5\ud83c\uddf9 Portugal \u2013 demn\u00e4chst verf\u00fcgbar<\/p>\n<\/div>\n\n\n\n<div style=\"height:50px\" aria-hidden=\"true\" class=\"wp-block-spacer\"><\/div>\n\n\n\n<figure class=\"wp-block-image size-full is-resized\"><img loading=\"lazy\" decoding=\"async\" width=\"1280\" height=\"720\" src=\"https:\/\/capner.ch\/wp-content\/uploads\/sites\/5\/2025\/08\/capner_svizzera_03.jpeg\" alt=\"\" class=\"wp-image-1142\" style=\"width:550px\" srcset=\"https:\/\/capner.ch\/wp-content\/uploads\/sites\/5\/2025\/08\/capner_svizzera_03.jpeg 1280w, https:\/\/capner.ch\/wp-content\/uploads\/sites\/5\/2025\/08\/capner_svizzera_03-300x169.jpeg 300w, https:\/\/capner.ch\/wp-content\/uploads\/sites\/5\/2025\/08\/capner_svizzera_03-1024x576.jpeg 1024w, https:\/\/capner.ch\/wp-content\/uploads\/sites\/5\/2025\/08\/capner_svizzera_03-768x432.jpeg 768w\" sizes=\"auto, (max-width: 1280px) 100vw, 1280px\" \/><\/figure>\n<\/div>\n\n\n\n<div class=\"wp-block-column is-layout-flow wp-block-column-is-layout-flow\" style=\"padding-top:var(--wp--preset--spacing--40);padding-right:0;padding-bottom:var(--wp--preset--spacing--20);padding-left:0\"><div class=\"frm_forms  with_frm_style frm_style_stile-formidable\" id=\"frm_form_7_container\" data-token=\"a48c762723dd04cc49d0acbb0ec0f880\">\n<form enctype=\"multipart\/form-data\" method=\"post\" class=\"frm-show-form  frm_js_validate  frm_pro_form \" id=\"form_contact-form-ch2\" data-token=\"a48c762723dd04cc49d0acbb0ec0f880\">\n<div class=\"frm_form_fields \">\n<fieldset>\n<legend class=\"frm_screen_reader\">Contatti DE<\/legend>\r\n\r\n<div class=\"frm_fields_container\">\n<input type=\"hidden\" name=\"frm_action\" value=\"create\" \/>\n<input type=\"hidden\" name=\"form_id\" value=\"7\" \/>\n<input type=\"hidden\" name=\"frm_hide_fields_7\" id=\"frm_hide_fields_7\" value=\"\" \/>\n<input type=\"hidden\" name=\"form_key\" value=\"contact-form-ch2\" \/>\n<input type=\"hidden\" name=\"item_meta[0]\" value=\"\" \/>\n<input type=\"hidden\" id=\"frm_submit_entry_7\" name=\"frm_submit_entry_7\" value=\"8aebc37952\" \/><input type=\"hidden\" name=\"_wp_http_referer\" value=\"\/de\/wp-json\/wp\/v2\/pages\/1563\" \/><div id=\"frm_field_76_container\" class=\"frm_form_field form-field  frm_required_field frm_inside_container frm_first frm_half\">\r\n    <label for=\"field_qh4icy42\" id=\"field_qh4icy42_label\" class=\"frm_primary_label\">Vorname\r\n        <span class=\"frm_required\" aria-hidden=\"true\">*<\/span>\r\n    <\/label>\r\n    <input  type=\"text\" id=\"field_qh4icy42\" name=\"item_meta[76]\" value=\"\"  data-reqmsg=\"Pflichtfeld\" aria-required=\"true\" data-invmsg=\"Name non \u00e8 valido\" aria-invalid=\"false\"   \/>\r\n    \r\n    \r\n<\/div>\n<div id=\"frm_field_77_container\" class=\"frm_form_field form-field  frm_required_field frm_inside_container frm_half\">\r\n    <label for=\"field_ocfup142\" id=\"field_ocfup142_label\" class=\"frm_primary_label\">Nachname\r\n        <span class=\"frm_required\" aria-hidden=\"true\">*<\/span>\r\n    <\/label>\r\n    <input  type=\"text\" id=\"field_ocfup142\" name=\"item_meta[77]\" value=\"\"  data-reqmsg=\"Pflichtfeld\" aria-required=\"true\" data-invmsg=\"Last non \u00e8 valido\" aria-invalid=\"false\"   \/>\r\n    \r\n    \r\n<\/div>\n<div id=\"frm_field_78_container\" class=\"frm_form_field form-field  frm_required_field frm_inside_container frm_full\">\r\n    <label for=\"field_29yf4d42\" id=\"field_29yf4d42_label\" class=\"frm_primary_label\">E-Mail\r\n        <span class=\"frm_required\" aria-hidden=\"true\">*<\/span>\r\n    <\/label>\r\n    <input type=\"email\" id=\"field_29yf4d42\" name=\"item_meta[78]\" value=\"\"  data-reqmsg=\"Pflichtfeld\" aria-required=\"true\" data-invmsg=\"Ung\u00fcltiges Format\" aria-invalid=\"false\"  \/>\r\n    \r\n    \r\n<\/div>\n<div id=\"frm_field_79_container\" class=\"frm_form_field form-field  frm_required_field frm_inside_container frm_full\">\r\n    <label for=\"field_e6lis642\" id=\"field_e6lis642_label\" class=\"frm_primary_label\">Telefonnummer\r\n        <span class=\"frm_required\" aria-hidden=\"true\">*<\/span>\r\n    <\/label>\r\n    <input type=\"tel\" id=\"field_e6lis642\" name=\"item_meta[79]\" value=\"\"  data-reqmsg=\"Pflichtfeld\" aria-required=\"true\" data-invmsg=\"Ung\u00fcltiges Format\" aria-invalid=\"false\" pattern=\"((\\+\\d{1,3}(-|.| )?\\(?\\d\\)?(-| |.)?\\d{1,5})|(\\(?\\d{2,6}\\)?))(-|.| )?(\\d{3,4})(-|.| )?(\\d{4})(( x| ext)\\d{1,5}){0,1}$\"  \/>\r\n    \r\n    \r\n<\/div>\n<div id=\"frm_field_80_container\" class=\"frm_form_field form-field  frm_required_field frm_inside_container\">\r\n    <label for=\"field_ii7t\" id=\"field_ii7t_label\" class=\"frm_primary_label\">Postleitzahl\r\n        <span class=\"frm_required\" aria-hidden=\"true\">*<\/span>\r\n    <\/label>\r\n    <input  type=\"text\" id=\"field_ii7t\" name=\"item_meta[80]\" value=\"\"  data-reqmsg=\"Pflichtfeld\" aria-required=\"true\" data-invmsg=\"Testo non \u00e8 valido\" aria-invalid=\"false\"   \/>\r\n    \r\n    \r\n<\/div>\n<div id=\"frm_field_81_container\" class=\"frm_form_field form-field  frm_top_container horizontal_radio\">\r\n    <div  id=\"field_7vsap42_label\" class=\"frm_primary_label\">Wie m\u00f6chten Sie kontaktiert werden?\r\n        <span class=\"frm_required\" aria-hidden=\"true\"><\/span>\r\n    <\/div>\r\n    <div class=\"frm_opt_container\" aria-labelledby=\"field_7vsap42_label\" role=\"group\">\t\t<div class=\"frm_checkbox\" id=\"frm_checkbox_81-0\">\t\t\t<label  for=\"field_7vsap42-0\">\n\t\t\t<input type=\"checkbox\" name=\"item_meta[81][]\" id=\"field_7vsap42-0\" value=\"Telefonnummer\"  data-invmsg=\"Wie m\u00f6chten Sie kontaktiert werden? est non valide\"   \/> Telefonnummer<\/label><\/div>\n\t\t<div class=\"frm_checkbox\" id=\"frm_checkbox_81-1\">\t\t\t<label  for=\"field_7vsap42-1\">\n\t\t\t<input type=\"checkbox\" name=\"item_meta[81][]\" id=\"field_7vsap42-1\" value=\"E-Mail\"  data-invmsg=\"Wie m\u00f6chten Sie kontaktiert werden? est non valide\"   \/> E-Mail<\/label><\/div>\n<\/div>\r\n    \r\n    \r\n<\/div>\n<div id=\"frm_field_82_container\" class=\"frm_form_field form-field  frm_required_field frm_top_container frm_full\">\r\n    <label for=\"field_9jv0r142\" id=\"field_9jv0r142_label\" class=\"frm_primary_label\">Nachricht\r\n        <span class=\"frm_required\" aria-hidden=\"true\">*<\/span>\r\n    <\/label>\r\n    <textarea name=\"item_meta[82]\" id=\"field_9jv0r142\" rows=\"5\"  data-reqmsg=\"Pflichtfeld\" aria-required=\"true\" data-invmsg=\"Ung\u00fcltiges Format\" aria-invalid=\"false\"  ><\/textarea>\r\n    \r\n    \r\n<\/div>\n<div id=\"frm_field_83_container\" class=\"frm_form_field form-field  frm_required_field frm_top_container vertical_radio\">\r\n    <div  id=\"field_wb3oq_label\" class=\"frm_primary_label\">Datenschutzerkl\u00e4rung\r\n        <span class=\"frm_required\" aria-hidden=\"true\">*<\/span>\r\n    <\/div>\r\n    <div class=\"frm_opt_container\" aria-labelledby=\"field_wb3oq_label\" role=\"group\">\t\t<div class=\"frm_checkbox\" id=\"frm_checkbox_83-0\">\t\t\t<label  for=\"field_wb3oq-0\">\n\t\t\t<input type=\"checkbox\" name=\"item_meta[83][]\" id=\"field_wb3oq-0\" value=\"Ich habe die Datenschutzerkl\u00e4rung gelesen und stimme der Verarbeitung meiner Daten zu den auf &lt;a href=&quot;\/de\/datenschutzerkl\u00e4rung&quot; target=&quot;_blank&quot;&gt;dieser Seite&lt;\/a&gt; angegebenen Zwecken zu.\"  data-reqmsg=\"Pflichtfeld\" data-invmsg=\"Ung\u00fcltiges Format\"   aria-required=\"true\"  \/> Ich habe die Datenschutzerkl\u00e4rung gelesen und stimme der Verarbeitung meiner Daten zu den auf <a href=\"\/de\/datenschutzerkl\u00e4rung\" target=\"_blank\">dieser Seite<\/a> angegebenen Zwecken zu.<\/label><\/div>\n<\/div>\r\n    \r\n    \r\n<\/div>\n<div id=\"frm_field_84_container\" class=\"frm_form_field form-field  frm_none_container vertical_radio\">\r\n\t<div  id=\"field_k6zn12_label\" class=\"frm_primary_label\">Newsletter\r\n\t\t<span class=\"frm_required\" aria-hidden=\"true\"><\/span>\r\n\t<\/div>\r\n\t<div class=\"frm_opt_container\" aria-labelledby=\"field_k6zn12_label\" role=\"group\">\t\t<div class=\"frm_checkbox\" id=\"frm_checkbox_84-0\">\t\t\t<label  for=\"field_k6zn12-0\">\n\t\t\t<input type=\"checkbox\" name=\"item_meta[84][]\" id=\"field_k6zn12-0\" value=\"Ich m\u00f6chte Ihren Newsletter abonnieren, um \u00fcber Neuigkeiten von Capner auf dem Laufenden zu bleiben.\"  data-invmsg=\"Newsletter non \u00e8 valido\"   \/> Ich m\u00f6chte Ihren Newsletter abonnieren, um \u00fcber Neuigkeiten von Capner auf dem Laufenden zu bleiben.<\/label><\/div>\n<\/div>\r\n\t\r\n\t\r\n<\/div>\n<div id=\"frm_field_85_container\" class=\"frm_form_field form-field \">\r\n\t<div class=\"frm_submit\">\r\n\r\n<button class=\"frm_button_submit frm_final_submit\" type=\"submit\"   formnovalidate=\"formnovalidate\">Senden<\/button>\r\n\r\n\r\n<\/div>\r\n<\/div>\n\t<input type=\"hidden\" name=\"item_key\" value=\"\" \/>\n\t\t\t<div id=\"frm_field_144_container\">\n\t\t\t<label for=\"field_jd9zp\" >\n\t\t\t\tFalls Du menschlich bist, lasse dieses Feld leer.\t\t\t<\/label>\n\t\t\t<input  id=\"field_jd9zp\" type=\"text\" class=\"frm_form_field form-field frm_verify\" name=\"item_meta[144]\" value=\"\"  \/>\n\t\t<\/div>\n\t\t<input name=\"frm_state\" type=\"hidden\" value=\"X0Ta\/gWUmIK6tj7dP3hb3pQ99lEJhWBxl1fTyNsHbuAOxZ4ZVI138e+Edm8aqW5u\" \/><\/div>\n<\/fieldset>\n<\/div>\n\n<p style=\"display: none !important;\" class=\"akismet-fields-container\" data-prefix=\"ak_\"><label>&#916;<textarea name=\"ak_hp_textarea\" cols=\"45\" rows=\"8\" maxlength=\"100\"><\/textarea><\/label><input type=\"hidden\" id=\"ak_js_1\" name=\"ak_js\" value=\"80\"\/><script>\ndocument.getElementById( \"ak_js_1\" ).setAttribute( \"value\", ( new Date() ).getTime() );\n<\/script>\n<\/p><\/form>\n<\/div>\n<\/div>\n<\/div>\n<\/div>\n<\/div>\n<\/div>\n","protected":false},"excerpt":{"rendered":"<p>Capner hilft Ihnen energieunabh\u00e4ngig zu werden. Teilen Sie uns mit wie wir Sie erreichen k\u00f6nnen und wir melden uns so schnell wie m\u00f6glich bei Ihnen. CAPNER SWITZERLAND SARoute des Gouttes-d\u2019Or 982000 Neuch\u00e2telN\u00b0 de TVA : CHE-452.459.307 TVA +41 32 501 99 19info@capner.ch \u00d6ffnungszeiten Montag: 10:00 &#8211; 14:00Dienstag: 10:00 &#8211; 14:00Mittwoch: 10:00 &#8211; 14:00Donnerstag: 10:00 &#8211; [&hellip;]<\/p>\n","protected":false},"author":1,"featured_media":0,"parent":0,"menu_order":0,"comment_status":"closed","ping_status":"closed","template":"","meta":{"_acf_changed":false,"footnotes":""},"class_list":["post-1563","page","type-page","status-publish","hentry"],"yoast_head":"<!-- This site is optimized with the Yoast SEO plugin v27.5 - https:\/\/yoast.com\/product\/yoast-seo-wordpress\/ -->\n<title>Kontakt - Capner CH<\/title>\n<meta name=\"robots\" content=\"index, follow, max-snippet:-1, max-image-preview:large, max-video-preview:-1\" \/>\n<link rel=\"canonical\" href=\"https:\/\/capner.ch\/de\/kontakt\/\" \/>\n<meta property=\"og:locale\" content=\"de_DE\" \/>\n<meta property=\"og:type\" content=\"article\" \/>\n<meta property=\"og:title\" content=\"Kontakt - Capner CH\" \/>\n<meta property=\"og:description\" content=\"Capner hilft Ihnen energieunabh\u00e4ngig zu werden. Teilen Sie uns mit wie wir Sie erreichen k\u00f6nnen und wir melden uns so schnell wie m\u00f6glich bei Ihnen. CAPNER SWITZERLAND SARoute des Gouttes-d\u2019Or 982000 Neuch\u00e2telN\u00b0 de TVA : CHE-452.459.307 TVA +41 32 501 99 19info@capner.ch \u00d6ffnungszeiten Montag: 10:00 &#8211; 14:00Dienstag: 10:00 &#8211; 14:00Mittwoch: 10:00 &#8211; 14:00Donnerstag: 10:00 &#8211; [&hellip;]\" \/>\n<meta property=\"og:url\" content=\"https:\/\/capner.ch\/de\/kontakt\/\" \/>\n<meta property=\"og:site_name\" content=\"Capner CH\" \/>\n<meta property=\"article:modified_time\" content=\"2025-10-06T08:22:42+00:00\" \/>\n<meta property=\"og:image\" content=\"https:\/\/capner.ch\/wp-content\/uploads\/sites\/5\/2025\/02\/Capner_sezione_contatti_R219352-1.jpg\" \/>\n\t<meta property=\"og:image:width\" content=\"2000\" \/>\n\t<meta property=\"og:image:height\" content=\"1333\" \/>\n\t<meta property=\"og:image:type\" content=\"image\/jpeg\" \/>\n<meta name=\"twitter:card\" content=\"summary_large_image\" \/>\n<meta name=\"twitter:label1\" content=\"Gesch\u00e4tzte Lesezeit\" \/>\n\t<meta name=\"twitter:data1\" content=\"1\u00a0Minute\" \/>\n<script type=\"application\/ld+json\" class=\"yoast-schema-graph\">{\"@context\":\"https:\\\/\\\/schema.org\",\"@graph\":[{\"@type\":\"WebPage\",\"@id\":\"https:\\\/\\\/capner.ch\\\/de\\\/kontakt\\\/\",\"url\":\"https:\\\/\\\/capner.ch\\\/de\\\/kontakt\\\/\",\"name\":\"Kontakt - Capner CH\",\"isPartOf\":{\"@id\":\"https:\\\/\\\/capner.ch\\\/de\\\/#website\"},\"primaryImageOfPage\":{\"@id\":\"https:\\\/\\\/capner.ch\\\/de\\\/kontakt\\\/#primaryimage\"},\"image\":{\"@id\":\"https:\\\/\\\/capner.ch\\\/de\\\/kontakt\\\/#primaryimage\"},\"thumbnailUrl\":\"https:\\\/\\\/capner.ch\\\/wp-content\\\/uploads\\\/sites\\\/5\\\/2025\\\/02\\\/Capner_sezione_contatti_R219352-1.jpg\",\"datePublished\":\"2025-02-21T15:45:30+00:00\",\"dateModified\":\"2025-10-06T08:22:42+00:00\",\"breadcrumb\":{\"@id\":\"https:\\\/\\\/capner.ch\\\/de\\\/kontakt\\\/#breadcrumb\"},\"inLanguage\":\"de\",\"potentialAction\":[{\"@type\":\"ReadAction\",\"target\":[\"https:\\\/\\\/capner.ch\\\/de\\\/kontakt\\\/\"]}]},{\"@type\":\"ImageObject\",\"inLanguage\":\"de\",\"@id\":\"https:\\\/\\\/capner.ch\\\/de\\\/kontakt\\\/#primaryimage\",\"url\":\"https:\\\/\\\/capner.ch\\\/wp-content\\\/uploads\\\/sites\\\/5\\\/2025\\\/02\\\/Capner_sezione_contatti_R219352-1.jpg\",\"contentUrl\":\"https:\\\/\\\/capner.ch\\\/wp-content\\\/uploads\\\/sites\\\/5\\\/2025\\\/02\\\/Capner_sezione_contatti_R219352-1.jpg\"},{\"@type\":\"BreadcrumbList\",\"@id\":\"https:\\\/\\\/capner.ch\\\/de\\\/kontakt\\\/#breadcrumb\",\"itemListElement\":[{\"@type\":\"ListItem\",\"position\":1,\"name\":\"Home\",\"item\":\"https:\\\/\\\/capner.ch\\\/de\\\/\"},{\"@type\":\"ListItem\",\"position\":2,\"name\":\"Kontakt\"}]},{\"@type\":\"WebSite\",\"@id\":\"https:\\\/\\\/capner.ch\\\/de\\\/#website\",\"url\":\"https:\\\/\\\/capner.ch\\\/de\\\/\",\"name\":\"Capner CH\",\"description\":\"\",\"publisher\":{\"@id\":\"https:\\\/\\\/capner.ch\\\/de\\\/#organization\"},\"potentialAction\":[{\"@type\":\"SearchAction\",\"target\":{\"@type\":\"EntryPoint\",\"urlTemplate\":\"https:\\\/\\\/capner.ch\\\/de\\\/?s={search_term_string}\"},\"query-input\":{\"@type\":\"PropertyValueSpecification\",\"valueRequired\":true,\"valueName\":\"search_term_string\"}}],\"inLanguage\":\"de\"},{\"@type\":\"Organization\",\"@id\":\"https:\\\/\\\/capner.ch\\\/de\\\/#organization\",\"name\":\"Capner CH\",\"url\":\"https:\\\/\\\/capner.ch\\\/de\\\/\",\"logo\":{\"@type\":\"ImageObject\",\"inLanguage\":\"de\",\"@id\":\"https:\\\/\\\/capner.ch\\\/de\\\/#\\\/schema\\\/logo\\\/image\\\/\",\"url\":\"https:\\\/\\\/capner.ch\\\/wp-content\\\/uploads\\\/sites\\\/5\\\/2025\\\/02\\\/capner-logo-svg-1.svg\",\"contentUrl\":\"https:\\\/\\\/capner.ch\\\/wp-content\\\/uploads\\\/sites\\\/5\\\/2025\\\/02\\\/capner-logo-svg-1.svg\",\"caption\":\"Capner CH\"},\"image\":{\"@id\":\"https:\\\/\\\/capner.ch\\\/de\\\/#\\\/schema\\\/logo\\\/image\\\/\"}}]}<\/script>\n<!-- \/ Yoast SEO plugin. -->","yoast_head_json":{"title":"Kontakt - Capner CH","robots":{"index":"index","follow":"follow","max-snippet":"max-snippet:-1","max-image-preview":"max-image-preview:large","max-video-preview":"max-video-preview:-1"},"canonical":"https:\/\/capner.ch\/de\/kontakt\/","og_locale":"de_DE","og_type":"article","og_title":"Kontakt - Capner CH","og_description":"Capner hilft Ihnen energieunabh\u00e4ngig zu werden. Teilen Sie uns mit wie wir Sie erreichen k\u00f6nnen und wir melden uns so schnell wie m\u00f6glich bei Ihnen. CAPNER SWITZERLAND SARoute des Gouttes-d\u2019Or 982000 Neuch\u00e2telN\u00b0 de TVA : CHE-452.459.307 TVA +41 32 501 99 19info@capner.ch \u00d6ffnungszeiten Montag: 10:00 &#8211; 14:00Dienstag: 10:00 &#8211; 14:00Mittwoch: 10:00 &#8211; 14:00Donnerstag: 10:00 &#8211; [&hellip;]","og_url":"https:\/\/capner.ch\/de\/kontakt\/","og_site_name":"Capner CH","article_modified_time":"2025-10-06T08:22:42+00:00","og_image":[{"width":2000,"height":1333,"url":"https:\/\/capner.ch\/wp-content\/uploads\/sites\/5\/2025\/02\/Capner_sezione_contatti_R219352-1.jpg","type":"image\/jpeg"}],"twitter_card":"summary_large_image","twitter_misc":{"Gesch\u00e4tzte Lesezeit":"1\u00a0Minute"},"schema":{"@context":"https:\/\/schema.org","@graph":[{"@type":"WebPage","@id":"https:\/\/capner.ch\/de\/kontakt\/","url":"https:\/\/capner.ch\/de\/kontakt\/","name":"Kontakt - Capner CH","isPartOf":{"@id":"https:\/\/capner.ch\/de\/#website"},"primaryImageOfPage":{"@id":"https:\/\/capner.ch\/de\/kontakt\/#primaryimage"},"image":{"@id":"https:\/\/capner.ch\/de\/kontakt\/#primaryimage"},"thumbnailUrl":"https:\/\/capner.ch\/wp-content\/uploads\/sites\/5\/2025\/02\/Capner_sezione_contatti_R219352-1.jpg","datePublished":"2025-02-21T15:45:30+00:00","dateModified":"2025-10-06T08:22:42+00:00","breadcrumb":{"@id":"https:\/\/capner.ch\/de\/kontakt\/#breadcrumb"},"inLanguage":"de","potentialAction":[{"@type":"ReadAction","target":["https:\/\/capner.ch\/de\/kontakt\/"]}]},{"@type":"ImageObject","inLanguage":"de","@id":"https:\/\/capner.ch\/de\/kontakt\/#primaryimage","url":"https:\/\/capner.ch\/wp-content\/uploads\/sites\/5\/2025\/02\/Capner_sezione_contatti_R219352-1.jpg","contentUrl":"https:\/\/capner.ch\/wp-content\/uploads\/sites\/5\/2025\/02\/Capner_sezione_contatti_R219352-1.jpg"},{"@type":"BreadcrumbList","@id":"https:\/\/capner.ch\/de\/kontakt\/#breadcrumb","itemListElement":[{"@type":"ListItem","position":1,"name":"Home","item":"https:\/\/capner.ch\/de\/"},{"@type":"ListItem","position":2,"name":"Kontakt"}]},{"@type":"WebSite","@id":"https:\/\/capner.ch\/de\/#website","url":"https:\/\/capner.ch\/de\/","name":"Capner CH","description":"","publisher":{"@id":"https:\/\/capner.ch\/de\/#organization"},"potentialAction":[{"@type":"SearchAction","target":{"@type":"EntryPoint","urlTemplate":"https:\/\/capner.ch\/de\/?s={search_term_string}"},"query-input":{"@type":"PropertyValueSpecification","valueRequired":true,"valueName":"search_term_string"}}],"inLanguage":"de"},{"@type":"Organization","@id":"https:\/\/capner.ch\/de\/#organization","name":"Capner CH","url":"https:\/\/capner.ch\/de\/","logo":{"@type":"ImageObject","inLanguage":"de","@id":"https:\/\/capner.ch\/de\/#\/schema\/logo\/image\/","url":"https:\/\/capner.ch\/wp-content\/uploads\/sites\/5\/2025\/02\/capner-logo-svg-1.svg","contentUrl":"https:\/\/capner.ch\/wp-content\/uploads\/sites\/5\/2025\/02\/capner-logo-svg-1.svg","caption":"Capner CH"},"image":{"@id":"https:\/\/capner.ch\/de\/#\/schema\/logo\/image\/"}}]}},"acf":[],"_links":{"self":[{"href":"https:\/\/capner.ch\/de\/wp-json\/wp\/v2\/pages\/1563","targetHints":{"allow":["GET"]}}],"collection":[{"href":"https:\/\/capner.ch\/de\/wp-json\/wp\/v2\/pages"}],"about":[{"href":"https:\/\/capner.ch\/de\/wp-json\/wp\/v2\/types\/page"}],"author":[{"embeddable":true,"href":"https:\/\/capner.ch\/de\/wp-json\/wp\/v2\/users\/1"}],"replies":[{"embeddable":true,"href":"https:\/\/capner.ch\/de\/wp-json\/wp\/v2\/comments?post=1563"}],"version-history":[{"count":8,"href":"https:\/\/capner.ch\/de\/wp-json\/wp\/v2\/pages\/1563\/revisions"}],"predecessor-version":[{"id":1811,"href":"https:\/\/capner.ch\/de\/wp-json\/wp\/v2\/pages\/1563\/revisions\/1811"}],"wp:attachment":[{"href":"https:\/\/capner.ch\/de\/wp-json\/wp\/v2\/media?parent=1563"}],"curies":[{"name":"wp","href":"https:\/\/api.w.org\/{rel}","templated":true}]}}