{"id":1621,"date":"2025-08-07T10:45:06","date_gmt":"2025-08-07T08:45:06","guid":{"rendered":"https:\/\/capner.ch\/faq\/"},"modified":"2025-08-29T11:57:33","modified_gmt":"2025-08-29T09:57:33","slug":"faq","status":"publish","type":"page","link":"https:\/\/capner.ch\/de\/faq\/","title":{"rendered":"FAQ"},"content":{"rendered":"\n<div class=\"wp-block-group has-custom-quattro-background-color has-background has-global-padding is-layout-constrained wp-block-group-is-layout-constrained\" style=\"padding-top:var(--wp--preset--spacing--60);padding-bottom:var(--wp--preset--spacing--60)\">\n<div style=\"height:var(--wp--preset--spacing--60)\" aria-hidden=\"true\" class=\"wp-block-spacer nascosto-mobile\"><\/div>\n\n\n\n<div style=\"height:100px\" aria-hidden=\"true\" class=\"wp-block-spacer nascosto-desktop nascosto-tablet\"><\/div>\n\n\n\n<h1 class=\"wp-block-heading has-text-align-center has-primary-color has-text-color has-link-color has-titolo-sezione-font-size wp-elements-6a802a2250bf5c7d698a67bb0ea5a4cc\"><strong>FAQ<\/strong><\/h1>\n\n\n\n<div class=\"wp-block-group pattern-faq has-global-padding is-layout-constrained wp-block-group-is-layout-constrained\">\n<div class=\"wp-block-query query-faq has-global-padding is-layout-constrained wp-container-core-query-is-layout-f36bc466 wp-block-query-is-layout-constrained\"><ul class=\"wp-block-post-template is-layout-flow wp-block-post-template-is-layout-flow\"><li class=\"wp-block-post post-1620 faq type-faq status-publish hentry\">\n\n<div class=\"wp-block-group faq-wrap has-global-padding is-layout-constrained wp-block-group-is-layout-constrained\" style=\"padding-top:var(--wp--preset--spacing--10)\"><h2 style=\"font-style:normal;font-weight:400; padding-right:var(--wp--preset--spacing--20);\" class=\"titolo-faq wp-block-post-title has-titolo-xs-font-size\">Was sind erneuerbare Energien?<\/h2>\n\n\n<div class=\"wp-block-group faq-content-wrap has-global-padding is-content-justification-left is-layout-constrained wp-container-core-group-is-layout-4b849057 wp-block-group-is-layout-constrained\" style=\"margin-top:10px;padding-right:var(--wp--preset--spacing--20)\"><div class=\"faq-acf-content wp-block-create-block-t99-block-acf-field is-layout-flex wp-container-create-block-t99-block-acf-field-is-layout-fc9f69e7 wp-block-t99-block-acf-field-is-layout-flex\"><div class=\"risposta_faq\">Erneuerbare Energien sind Energieformen, die aus nat\u00fcrlichen, sich st\u00e4ndig erneuernden Ressourcen wie Sonne, Wind, Wasser und Biomasse gewonnen werden.<\/div><\/div><\/div>\n\n\n\n<hr class=\"wp-block-separator has-text-color has-custom-uno-color has-alpha-channel-opacity has-custom-uno-background-color has-background is-style-wide\" style=\"margin-top:var(--wp--preset--spacing--10);margin-bottom:0\"\/>\n<\/div>\n\n<\/li><li class=\"wp-block-post post-1619 faq type-faq status-publish hentry\">\n\n<div class=\"wp-block-group faq-wrap has-global-padding is-layout-constrained wp-block-group-is-layout-constrained\" style=\"padding-top:var(--wp--preset--spacing--10)\"><h2 style=\"font-style:normal;font-weight:400; padding-right:var(--wp--preset--spacing--20);\" class=\"titolo-faq wp-block-post-title has-titolo-xs-font-size\">Was sind die Vorteile erneuerbarer Energien im Vergleich zu fossilen Brennstoffen?<\/h2>\n\n\n<div class=\"wp-block-group faq-content-wrap has-global-padding is-content-justification-left is-layout-constrained wp-container-core-group-is-layout-4b849057 wp-block-group-is-layout-constrained\" style=\"margin-top:10px;padding-right:var(--wp--preset--spacing--20)\"><div class=\"faq-acf-content wp-block-create-block-t99-block-acf-field is-layout-flex wp-container-create-block-t99-block-acf-field-is-layout-fc9f69e7 wp-block-t99-block-acf-field-is-layout-flex\"><div class=\"risposta_faq\">Erneuerbare Energien bieten langfristige Nachhaltigkeit, eine Reduktion der Treibhausgasemissionen, weltweite Verf\u00fcgbarkeit sowie Potenzial zur Schaffung von Arbeitspl\u00e4tzen im Bereich der gr\u00fcnen Energien.<\/div><\/div><\/div>\n\n\n\n<hr class=\"wp-block-separator has-text-color has-custom-uno-color has-alpha-channel-opacity has-custom-uno-background-color has-background is-style-wide\" style=\"margin-top:var(--wp--preset--spacing--10);margin-bottom:0\"\/>\n<\/div>\n\n<\/li><li class=\"wp-block-post post-1618 faq type-faq status-publish hentry\">\n\n<div class=\"wp-block-group faq-wrap has-global-padding is-layout-constrained wp-block-group-is-layout-constrained\" style=\"padding-top:var(--wp--preset--spacing--10)\"><h2 style=\"font-style:normal;font-weight:400; padding-right:var(--wp--preset--spacing--20);\" class=\"titolo-faq wp-block-post-title has-titolo-xs-font-size\">Was sind die wichtigsten Arten erneuerbarer Energien weltweit?<\/h2>\n\n\n<div class=\"wp-block-group faq-content-wrap has-global-padding is-content-justification-left is-layout-constrained wp-container-core-group-is-layout-4b849057 wp-block-group-is-layout-constrained\" style=\"margin-top:10px;padding-right:var(--wp--preset--spacing--20)\"><div class=\"faq-acf-content wp-block-create-block-t99-block-acf-field is-layout-flex wp-container-create-block-t99-block-acf-field-is-layout-fc9f69e7 wp-block-t99-block-acf-field-is-layout-flex\"><div class=\"risposta_faq\">Die wichtigsten Formen erneuerbarer Energie sind Solarenergie, Windenergie, Wasserkraft, Biomasse und Geothermie.<\/div><\/div><\/div>\n\n\n\n<hr class=\"wp-block-separator has-text-color has-custom-uno-color has-alpha-channel-opacity has-custom-uno-background-color has-background is-style-wide\" style=\"margin-top:var(--wp--preset--spacing--10);margin-bottom:0\"\/>\n<\/div>\n\n<\/li><li class=\"wp-block-post post-1616 faq type-faq status-publish hentry\">\n\n<div class=\"wp-block-group faq-wrap has-global-padding is-layout-constrained wp-block-group-is-layout-constrained\" style=\"padding-top:var(--wp--preset--spacing--10)\"><h2 style=\"font-style:normal;font-weight:400; padding-right:var(--wp--preset--spacing--20);\" class=\"titolo-faq wp-block-post-title has-titolo-xs-font-size\">Welche L\u00e4nder sind weltweit f\u00fchrend bei der Nutzung erneuerbarer Energien?<\/h2>\n\n\n<div class=\"wp-block-group faq-content-wrap has-global-padding is-content-justification-left is-layout-constrained wp-container-core-group-is-layout-4b849057 wp-block-group-is-layout-constrained\" style=\"margin-top:10px;padding-right:var(--wp--preset--spacing--20)\"><div class=\"faq-acf-content wp-block-create-block-t99-block-acf-field is-layout-flex wp-container-create-block-t99-block-acf-field-is-layout-fc9f69e7 wp-block-t99-block-acf-field-is-layout-flex\"><div class=\"risposta_faq\">L\u00e4nder wie Deutschland, China, die Vereinigten Staaten und Indien geh\u00f6ren zu den f\u00fchrenden Nationen bei der Nutzung erneuerbarer Energien, mit umfangreichen Investitionen in Windparks, Solaranlagen und andere gr\u00fcne Infrastrukturen.<\/div><\/div><\/div>\n\n\n\n<hr class=\"wp-block-separator has-text-color has-custom-uno-color has-alpha-channel-opacity has-custom-uno-background-color has-background is-style-wide\" style=\"margin-top:var(--wp--preset--spacing--10);margin-bottom:0\"\/>\n<\/div>\n\n<\/li><li class=\"wp-block-post post-1615 faq type-faq status-publish hentry\">\n\n<div class=\"wp-block-group faq-wrap has-global-padding is-layout-constrained wp-block-group-is-layout-constrained\" style=\"padding-top:var(--wp--preset--spacing--10)\"><h2 style=\"font-style:normal;font-weight:400; padding-right:var(--wp--preset--spacing--20);\" class=\"titolo-faq wp-block-post-title has-titolo-xs-font-size\">Welche aktuellen Herausforderungen gibt es im Bereich der erneuerbaren Energien?<\/h2>\n\n\n<div class=\"wp-block-group faq-content-wrap has-global-padding is-content-justification-left is-layout-constrained wp-container-core-group-is-layout-4b849057 wp-block-group-is-layout-constrained\" style=\"margin-top:10px;padding-right:var(--wp--preset--spacing--20)\"><div class=\"faq-acf-content wp-block-create-block-t99-block-acf-field is-layout-flex wp-container-create-block-t99-block-acf-field-is-layout-fc9f69e7 wp-block-t99-block-acf-field-is-layout-flex\"><div class=\"risposta_faq\">Zu den Herausforderungen geh\u00f6ren die Energiespeicherung, die Unbest\u00e4ndigkeit einiger erneuerbarer Quellen wie Wind und Sonne sowie die hohen Anfangsinvestitionen f\u00fcr die Installation erneuerbarer Infrastrukturen.<\/div><\/div><\/div>\n\n\n\n<hr class=\"wp-block-separator has-text-color has-custom-uno-color has-alpha-channel-opacity has-custom-uno-background-color has-background is-style-wide\" style=\"margin-top:var(--wp--preset--spacing--10);margin-bottom:0\"\/>\n<\/div>\n\n<\/li><li class=\"wp-block-post post-1614 faq type-faq status-publish hentry\">\n\n<div class=\"wp-block-group faq-wrap has-global-padding is-layout-constrained wp-block-group-is-layout-constrained\" style=\"padding-top:var(--wp--preset--spacing--10)\"><h2 style=\"font-style:normal;font-weight:400; padding-right:var(--wp--preset--spacing--20);\" class=\"titolo-faq wp-block-post-title has-titolo-xs-font-size\">Wie k\u00f6nnen Regierungen die Nutzung erneuerbarer Energien f\u00f6rdern?<\/h2>\n\n\n<div class=\"wp-block-group faq-content-wrap has-global-padding is-content-justification-left is-layout-constrained wp-container-core-group-is-layout-4b849057 wp-block-group-is-layout-constrained\" style=\"margin-top:10px;padding-right:var(--wp--preset--spacing--20)\"><div class=\"faq-acf-content wp-block-create-block-t99-block-acf-field is-layout-flex wp-container-create-block-t99-block-acf-field-is-layout-fc9f69e7 wp-block-t99-block-acf-field-is-layout-flex\"><div class=\"risposta_faq\">Regierungen k\u00f6nnen die Nutzung erneuerbarer Energien f\u00f6rdern, indem sie steuerliche Anreize, Subventionen und g\u00fcnstige Energiepreisrichtlinien f\u00fcr saubere Energien anbieten sowie in Forschung und Entwicklung neuer Technologien investieren.<\/div><\/div><\/div>\n\n\n\n<hr class=\"wp-block-separator has-text-color has-custom-uno-color has-alpha-channel-opacity has-custom-uno-background-color has-background is-style-wide\" style=\"margin-top:var(--wp--preset--spacing--10);margin-bottom:0\"\/>\n<\/div>\n\n<\/li><li class=\"wp-block-post post-1613 faq type-faq status-publish hentry\">\n\n<div class=\"wp-block-group faq-wrap has-global-padding is-layout-constrained wp-block-group-is-layout-constrained\" style=\"padding-top:var(--wp--preset--spacing--10)\"><h2 style=\"font-style:normal;font-weight:400; padding-right:var(--wp--preset--spacing--20);\" class=\"titolo-faq wp-block-post-title has-titolo-xs-font-size\">Welche Umweltauswirkungen haben erneuerbare Energien?<\/h2>\n\n\n<div class=\"wp-block-group faq-content-wrap has-global-padding is-content-justification-left is-layout-constrained wp-container-core-group-is-layout-4b849057 wp-block-group-is-layout-constrained\" style=\"margin-top:10px;padding-right:var(--wp--preset--spacing--20)\"><div class=\"faq-acf-content wp-block-create-block-t99-block-acf-field is-layout-flex wp-container-create-block-t99-block-acf-field-is-layout-fc9f69e7 wp-block-t99-block-acf-field-is-layout-flex\"><div class=\"risposta_faq\">Obwohl erneuerbare Energien im Allgemeinen als umweltfreundlicher als fossile Brennstoffe gelten, k\u00f6nnen sie dennoch Auswirkungen auf die Umwelt haben, z.\u202fB. die St\u00f6rung nat\u00fcrlicher Lebensr\u00e4ume, Fl\u00e4chenverbrauch und Nutzung von Wasserressourcen.<\/div><\/div><\/div>\n\n\n\n<hr class=\"wp-block-separator has-text-color has-custom-uno-color has-alpha-channel-opacity has-custom-uno-background-color has-background is-style-wide\" style=\"margin-top:var(--wp--preset--spacing--10);margin-bottom:0\"\/>\n<\/div>\n\n<\/li><li class=\"wp-block-post post-1612 faq type-faq status-publish hentry\">\n\n<div class=\"wp-block-group faq-wrap has-global-padding is-layout-constrained wp-block-group-is-layout-constrained\" style=\"padding-top:var(--wp--preset--spacing--10)\"><h2 style=\"font-style:normal;font-weight:400; padding-right:var(--wp--preset--spacing--20);\" class=\"titolo-faq wp-block-post-title has-titolo-xs-font-size\">Welche zuk\u00fcnftigen Entwicklungen sind im Bereich der erneuerbaren Energien zu erwarten?<\/h2>\n\n\n<div class=\"wp-block-group faq-content-wrap has-global-padding is-content-justification-left is-layout-constrained wp-container-core-group-is-layout-4b849057 wp-block-group-is-layout-constrained\" style=\"margin-top:10px;padding-right:var(--wp--preset--spacing--20)\"><div class=\"faq-acf-content wp-block-create-block-t99-block-acf-field is-layout-flex wp-container-create-block-t99-block-acf-field-is-layout-fc9f69e7 wp-block-t99-block-acf-field-is-layout-flex\"><div class=\"risposta_faq\">Zuk\u00fcnftige Entwicklungen beinhalten die Verbesserung der Energiespeichertechnologie, die Senkung der Produktionskosten f\u00fcr erneuerbare Technologien, die verst\u00e4rkte Integration von Smart Grids sowie den Ausbau der Nutzung erneuerbarer Energiequellen in den Bereichen Industrie, Verkehr und Bauwesen.<\/div><\/div><\/div>\n\n\n\n<hr class=\"wp-block-separator has-text-color has-custom-uno-color has-alpha-channel-opacity has-custom-uno-background-color has-background is-style-wide\" style=\"margin-top:var(--wp--preset--spacing--10);margin-bottom:0\"\/>\n<\/div>\n\n<\/li><\/ul><\/div>\n<\/div>\n<\/div>\n","protected":false},"excerpt":{"rendered":"<p>FAQ<\/p>\n","protected":false},"author":1,"featured_media":0,"parent":0,"menu_order":0,"comment_status":"closed","ping_status":"closed","template":"","meta":{"_acf_changed":false,"footnotes":""},"class_list":["post-1621","page","type-page","status-publish","hentry"],"yoast_head":"<!-- This site is optimized with the Yoast SEO plugin v27.5 - https:\/\/yoast.com\/product\/yoast-seo-wordpress\/ -->\n<title>FAQ - Capner CH<\/title>\n<meta name=\"robots\" content=\"index, follow, max-snippet:-1, max-image-preview:large, max-video-preview:-1\" \/>\n<link rel=\"canonical\" href=\"https:\/\/capner.ch\/de\/faq\/\" \/>\n<meta property=\"og:locale\" content=\"de_DE\" \/>\n<meta property=\"og:type\" content=\"article\" \/>\n<meta property=\"og:title\" content=\"FAQ - Capner CH\" \/>\n<meta property=\"og:description\" content=\"FAQ\" \/>\n<meta property=\"og:url\" content=\"https:\/\/capner.ch\/de\/faq\/\" \/>\n<meta property=\"og:site_name\" content=\"Capner CH\" \/>\n<meta property=\"article:modified_time\" content=\"2025-08-29T09:57:33+00:00\" \/>\n<meta name=\"twitter:card\" content=\"summary_large_image\" \/>\n<meta name=\"twitter:label1\" content=\"Gesch\u00e4tzte Lesezeit\" \/>\n\t<meta name=\"twitter:data1\" content=\"1\u00a0Minute\" \/>\n<script type=\"application\/ld+json\" class=\"yoast-schema-graph\">{\"@context\":\"https:\\\/\\\/schema.org\",\"@graph\":[{\"@type\":\"WebPage\",\"@id\":\"https:\\\/\\\/capner.ch\\\/de\\\/faq\\\/\",\"url\":\"https:\\\/\\\/capner.ch\\\/de\\\/faq\\\/\",\"name\":\"FAQ - Capner CH\",\"isPartOf\":{\"@id\":\"https:\\\/\\\/capner.ch\\\/de\\\/#website\"},\"datePublished\":\"2025-08-07T08:45:06+00:00\",\"dateModified\":\"2025-08-29T09:57:33+00:00\",\"breadcrumb\":{\"@id\":\"https:\\\/\\\/capner.ch\\\/de\\\/faq\\\/#breadcrumb\"},\"inLanguage\":\"de\",\"potentialAction\":[{\"@type\":\"ReadAction\",\"target\":[\"https:\\\/\\\/capner.ch\\\/de\\\/faq\\\/\"]}]},{\"@type\":\"BreadcrumbList\",\"@id\":\"https:\\\/\\\/capner.ch\\\/de\\\/faq\\\/#breadcrumb\",\"itemListElement\":[{\"@type\":\"ListItem\",\"position\":1,\"name\":\"Home\",\"item\":\"https:\\\/\\\/capner.ch\\\/de\\\/\"},{\"@type\":\"ListItem\",\"position\":2,\"name\":\"FAQ\"}]},{\"@type\":\"WebSite\",\"@id\":\"https:\\\/\\\/capner.ch\\\/de\\\/#website\",\"url\":\"https:\\\/\\\/capner.ch\\\/de\\\/\",\"name\":\"Capner CH\",\"description\":\"\",\"publisher\":{\"@id\":\"https:\\\/\\\/capner.ch\\\/de\\\/#organization\"},\"potentialAction\":[{\"@type\":\"SearchAction\",\"target\":{\"@type\":\"EntryPoint\",\"urlTemplate\":\"https:\\\/\\\/capner.ch\\\/de\\\/?s={search_term_string}\"},\"query-input\":{\"@type\":\"PropertyValueSpecification\",\"valueRequired\":true,\"valueName\":\"search_term_string\"}}],\"inLanguage\":\"de\"},{\"@type\":\"Organization\",\"@id\":\"https:\\\/\\\/capner.ch\\\/de\\\/#organization\",\"name\":\"Capner CH\",\"url\":\"https:\\\/\\\/capner.ch\\\/de\\\/\",\"logo\":{\"@type\":\"ImageObject\",\"inLanguage\":\"de\",\"@id\":\"https:\\\/\\\/capner.ch\\\/de\\\/#\\\/schema\\\/logo\\\/image\\\/\",\"url\":\"https:\\\/\\\/capner.ch\\\/wp-content\\\/uploads\\\/sites\\\/5\\\/2025\\\/02\\\/capner-logo-svg-1.svg\",\"contentUrl\":\"https:\\\/\\\/capner.ch\\\/wp-content\\\/uploads\\\/sites\\\/5\\\/2025\\\/02\\\/capner-logo-svg-1.svg\",\"caption\":\"Capner CH\"},\"image\":{\"@id\":\"https:\\\/\\\/capner.ch\\\/de\\\/#\\\/schema\\\/logo\\\/image\\\/\"}}]}<\/script>\n<!-- \/ Yoast SEO plugin. -->","yoast_head_json":{"title":"FAQ - Capner CH","robots":{"index":"index","follow":"follow","max-snippet":"max-snippet:-1","max-image-preview":"max-image-preview:large","max-video-preview":"max-video-preview:-1"},"canonical":"https:\/\/capner.ch\/de\/faq\/","og_locale":"de_DE","og_type":"article","og_title":"FAQ - Capner CH","og_description":"FAQ","og_url":"https:\/\/capner.ch\/de\/faq\/","og_site_name":"Capner CH","article_modified_time":"2025-08-29T09:57:33+00:00","twitter_card":"summary_large_image","twitter_misc":{"Gesch\u00e4tzte Lesezeit":"1\u00a0Minute"},"schema":{"@context":"https:\/\/schema.org","@graph":[{"@type":"WebPage","@id":"https:\/\/capner.ch\/de\/faq\/","url":"https:\/\/capner.ch\/de\/faq\/","name":"FAQ - Capner CH","isPartOf":{"@id":"https:\/\/capner.ch\/de\/#website"},"datePublished":"2025-08-07T08:45:06+00:00","dateModified":"2025-08-29T09:57:33+00:00","breadcrumb":{"@id":"https:\/\/capner.ch\/de\/faq\/#breadcrumb"},"inLanguage":"de","potentialAction":[{"@type":"ReadAction","target":["https:\/\/capner.ch\/de\/faq\/"]}]},{"@type":"BreadcrumbList","@id":"https:\/\/capner.ch\/de\/faq\/#breadcrumb","itemListElement":[{"@type":"ListItem","position":1,"name":"Home","item":"https:\/\/capner.ch\/de\/"},{"@type":"ListItem","position":2,"name":"FAQ"}]},{"@type":"WebSite","@id":"https:\/\/capner.ch\/de\/#website","url":"https:\/\/capner.ch\/de\/","name":"Capner CH","description":"","publisher":{"@id":"https:\/\/capner.ch\/de\/#organization"},"potentialAction":[{"@type":"SearchAction","target":{"@type":"EntryPoint","urlTemplate":"https:\/\/capner.ch\/de\/?s={search_term_string}"},"query-input":{"@type":"PropertyValueSpecification","valueRequired":true,"valueName":"search_term_string"}}],"inLanguage":"de"},{"@type":"Organization","@id":"https:\/\/capner.ch\/de\/#organization","name":"Capner CH","url":"https:\/\/capner.ch\/de\/","logo":{"@type":"ImageObject","inLanguage":"de","@id":"https:\/\/capner.ch\/de\/#\/schema\/logo\/image\/","url":"https:\/\/capner.ch\/wp-content\/uploads\/sites\/5\/2025\/02\/capner-logo-svg-1.svg","contentUrl":"https:\/\/capner.ch\/wp-content\/uploads\/sites\/5\/2025\/02\/capner-logo-svg-1.svg","caption":"Capner CH"},"image":{"@id":"https:\/\/capner.ch\/de\/#\/schema\/logo\/image\/"}}]}},"acf":[],"_links":{"self":[{"href":"https:\/\/capner.ch\/de\/wp-json\/wp\/v2\/pages\/1621","targetHints":{"allow":["GET"]}}],"collection":[{"href":"https:\/\/capner.ch\/de\/wp-json\/wp\/v2\/pages"}],"about":[{"href":"https:\/\/capner.ch\/de\/wp-json\/wp\/v2\/types\/page"}],"author":[{"embeddable":true,"href":"https:\/\/capner.ch\/de\/wp-json\/wp\/v2\/users\/1"}],"replies":[{"embeddable":true,"href":"https:\/\/capner.ch\/de\/wp-json\/wp\/v2\/comments?post=1621"}],"version-history":[{"count":1,"href":"https:\/\/capner.ch\/de\/wp-json\/wp\/v2\/pages\/1621\/revisions"}],"predecessor-version":[{"id":1622,"href":"https:\/\/capner.ch\/de\/wp-json\/wp\/v2\/pages\/1621\/revisions\/1622"}],"wp:attachment":[{"href":"https:\/\/capner.ch\/de\/wp-json\/wp\/v2\/media?parent=1621"}],"curies":[{"name":"wp","href":"https:\/\/api.w.org\/{rel}","templated":true}]}}