{"id":1708,"date":"2025-03-03T14:02:40","date_gmt":"2025-03-03T13:02:40","guid":{"rendered":"https:\/\/capner.ch\/travailler-avec-nous\/"},"modified":"2025-09-04T16:19:42","modified_gmt":"2025-09-04T14:19:42","slug":"mit-uns-arbeiten","status":"publish","type":"page","link":"https:\/\/capner.ch\/de\/mit-uns-arbeiten\/","title":{"rendered":"Mit uns arbeiten"},"content":{"rendered":"\n<div class=\"wp-block-cover is-style-cover-multiply pattern-intro\" style=\"min-height:100vh;aspect-ratio:unset;\"><img loading=\"lazy\" decoding=\"async\" width=\"1280\" height=\"720\" class=\"wp-block-cover__image-background wp-image-1392 size-full\" alt=\"\" src=\"https:\/\/capner.ch\/wp-content\/uploads\/sites\/5\/2025\/08\/capner_svizzera_03-1.jpeg\" data-object-fit=\"cover\" srcset=\"https:\/\/capner.ch\/wp-content\/uploads\/sites\/5\/2025\/08\/capner_svizzera_03-1.jpeg 1280w, https:\/\/capner.ch\/wp-content\/uploads\/sites\/5\/2025\/08\/capner_svizzera_03-1-300x169.jpeg 300w, https:\/\/capner.ch\/wp-content\/uploads\/sites\/5\/2025\/08\/capner_svizzera_03-1-1024x576.jpeg 1024w, https:\/\/capner.ch\/wp-content\/uploads\/sites\/5\/2025\/08\/capner_svizzera_03-1-768x432.jpeg 768w\" sizes=\"auto, (max-width: 1280px) 100vw, 1280px\" \/><span aria-hidden=\"true\" class=\"wp-block-cover__background has-custom-nero-background-color has-background-dim\"><\/span><div class=\"wp-block-cover__inner-container has-global-padding is-layout-constrained wp-block-cover-is-layout-constrained\">\n<div class=\"wp-block-group has-global-padding is-content-justification-left is-layout-constrained wp-container-core-group-is-layout-5b3d42a2 wp-block-group-is-layout-constrained\">\n<h1 class=\"wp-block-heading has-titolo-giant-font-size\">Mit uns arbeiten<\/h1>\n\n\n\n<p class=\"has-titolo-grande-font-size\">Wir suchen motivierte Mitarbeiter, die sich f\u00fcr erneuerbare Energien begeistern und Teil unseres exklusiven Vertriebsteams werden m\u00f6chten.<\/p>\n<\/div>\n<\/div><\/div>\n\n\n\n<div class=\"wp-block-group pattern-txt-img has-custom-quattro-background-color has-background is-layout-flow wp-block-group-is-layout-flow\" style=\"padding-top:0;padding-right:0;padding-bottom:0;padding-left:0\">\n<div class=\"wp-block-columns is-layout-flex wp-container-core-columns-is-layout-00d5f2ad wp-block-columns-is-layout-flex\">\n<div class=\"wp-block-column is-vertically-aligned-center has-global-padding is-layout-constrained wp-block-column-is-layout-constrained\" style=\"padding-top:60px;padding-bottom:60px;flex-basis:50%\">\n<div style=\"height:150px\" aria-hidden=\"true\" class=\"wp-block-spacer nascosto-mobile\"><\/div>\n\n\n\n<div class=\"wp-block-cover is-light\"><span aria-hidden=\"true\" class=\"wp-block-cover__background has-background-dim-0 has-background-dim\"><\/span><div class=\"wp-block-cover__inner-container has-global-padding is-layout-constrained wp-container-core-cover-is-layout-a099c240 wp-block-cover-is-layout-constrained\">\n<p class=\"has-pretitolo-font-size\" style=\"text-transform:uppercase\">WERDEN SIE TEIL DES TEAMS<\/p>\n\n\n\n<h2 class=\"wp-block-heading has-titolo-grande-font-size\">Willkommen auf der Seite <strong><mark style=\"background-color:rgba(0, 0, 0, 0)\" class=\"has-inline-color has-custom-uno-color\">\u201eMit uns arbeiten\u201c<\/mark><\/strong> von Capner<\/h2>\n\n\n\n<p class=\"\">F\u00fcllen Sie das Formular aus und beschreiben Sie kurz Ihre Erfahrung oder die Gr\u00fcnde, warum Sie Teil unseres Teams werden m\u00f6chten.<br>Unser Team wird Ihre Bewerbung pr\u00fcfen und sich bei Ihnen melden, wenn Ihr Profil passt.<\/p>\n<\/div><\/div>\n\n\n\n<div style=\"height:150px\" aria-hidden=\"true\" class=\"wp-block-spacer nascosto-mobile\"><\/div>\n<\/div>\n\n\n\n<div class=\"wp-block-column is-vertically-aligned-stretch is-layout-flow wp-block-column-is-layout-flow\" style=\"flex-basis:50%;min-height:450px\">\n<div class=\"wp-block-cover is-light is-style-default\" style=\"min-height:100%;aspect-ratio:unset;\"><img decoding=\"async\" class=\"wp-block-cover__image-background wp-image-508\" alt=\"\" src=\"https:\/\/capner.lu\/wp-content\/uploads\/sites\/9\/2025\/02\/capner_pannelli_solari_tetto.jpg\" data-object-fit=\"cover\"\/><span aria-hidden=\"true\" class=\"wp-block-cover__background has-custom-bianco-background-color has-background-dim-100 has-background-dim\"><\/span><div class=\"wp-block-cover__inner-container has-global-padding is-layout-constrained wp-block-cover-is-layout-constrained\">\n<p class=\"has-text-align-center has-large-font-size\"><\/p>\n\n\n<div class=\"frm_forms  with_frm_style frm_style_stile-di-formidable-2\" id=\"frm_form_10_container\" data-token=\"a48c762723dd04cc49d0acbb0ec0f880\">\n<form enctype=\"multipart\/form-data\" method=\"post\" class=\"frm-show-form  frm_js_validate  frm_pro_form \" id=\"form_lavora-con-noi-de\" data-token=\"a48c762723dd04cc49d0acbb0ec0f880\">\n<div class=\"frm_form_fields \">\n<fieldset>\n<legend class=\"frm_screen_reader\">Lavora con noi DE<\/legend>\r\n\r\n<div class=\"frm_fields_container\">\n<input type=\"hidden\" name=\"frm_action\" value=\"create\" \/>\n<input type=\"hidden\" name=\"form_id\" value=\"10\" \/>\n<input type=\"hidden\" name=\"frm_hide_fields_10\" id=\"frm_hide_fields_10\" value=\"\" \/>\n<input type=\"hidden\" name=\"form_key\" value=\"lavora-con-noi-de\" \/>\n<input type=\"hidden\" name=\"item_meta[0]\" value=\"\" \/>\n<input type=\"hidden\" id=\"frm_submit_entry_10\" name=\"frm_submit_entry_10\" value=\"8aebc37952\" \/><input type=\"hidden\" name=\"_wp_http_referer\" value=\"\/de\/wp-json\/wp\/v2\/pages\/1708\" \/><div id=\"frm_field_116_container\" class=\"frm_form_field form-field  frm_required_field frm_inside_container frm_first frm_half\">\r\n    <label for=\"field_qh4icy32\" id=\"field_qh4icy32_label\" class=\"frm_primary_label\">Vorname\r\n        <span class=\"frm_required\" aria-hidden=\"true\">*<\/span>\r\n    <\/label>\r\n    <input  type=\"text\" id=\"field_qh4icy32\" name=\"item_meta[116]\" value=\"\"  data-reqmsg=\"Pflichtfeld\" aria-required=\"true\" data-invmsg=\"Name non \u00e8 valido\" aria-invalid=\"false\"   \/>\r\n    \r\n    \r\n<\/div>\n<div id=\"frm_field_117_container\" class=\"frm_form_field form-field  frm_required_field frm_inside_container frm_half\">\r\n    <label for=\"field_ocfup132\" id=\"field_ocfup132_label\" class=\"frm_primary_label\">Nachname\r\n        <span class=\"frm_required\" aria-hidden=\"true\">*<\/span>\r\n    <\/label>\r\n    <input  type=\"text\" id=\"field_ocfup132\" name=\"item_meta[117]\" value=\"\"  data-reqmsg=\"Pflichtfeld\" aria-required=\"true\" data-invmsg=\"Last non \u00e8 valido\" aria-invalid=\"false\"   \/>\r\n    \r\n    \r\n<\/div>\n<div id=\"frm_field_118_container\" class=\"frm_form_field form-field  frm_required_field frm_inside_container frm_full\">\r\n    <label for=\"field_29yf4d32\" id=\"field_29yf4d32_label\" class=\"frm_primary_label\">E-mail\r\n        <span class=\"frm_required\" aria-hidden=\"true\">*<\/span>\r\n    <\/label>\r\n    <input type=\"email\" id=\"field_29yf4d32\" name=\"item_meta[118]\" value=\"\"  data-reqmsg=\"Ce champ ne peut pas \u00eatre vide.\" aria-required=\"true\" data-invmsg=\"Veuillez saisir une adresse e-mail valide\" aria-invalid=\"false\"  \/>\r\n    \r\n    \r\n<\/div>\n<div id=\"frm_field_119_container\" class=\"frm_form_field form-field  frm_required_field frm_inside_container frm_full\">\r\n    <label for=\"field_e6lis632\" id=\"field_e6lis632_label\" class=\"frm_primary_label\">Telefonnummer\r\n        <span class=\"frm_required\" aria-hidden=\"true\">*<\/span>\r\n    <\/label>\r\n    <input type=\"tel\" id=\"field_e6lis632\" name=\"item_meta[119]\" value=\"\"  data-reqmsg=\"Pflichtfeld\" aria-required=\"true\" data-invmsg=\"Ung\u00fcltiges Format\" aria-invalid=\"false\" pattern=\"((\\+\\d{1,3}(-|.| )?\\(?\\d\\)?(-| |.)?\\d{1,5})|(\\(?\\d{2,6}\\)?))(-|.| )?(\\d{3,4})(-|.| )?(\\d{4})(( x| ext)\\d{1,5}){0,1}$\"  \/>\r\n    \r\n    \r\n<\/div>\n<div id=\"frm_field_120_container\" class=\"frm_form_field form-field  frm_top_container horizontal_radio\">\r\n    <div  id=\"field_7vsap32_label\" class=\"frm_primary_label\">Wie m\u00f6chten Sie kontaktiert werden?\r\n        <span class=\"frm_required\" aria-hidden=\"true\"><\/span>\r\n    <\/div>\r\n    <div class=\"frm_opt_container\" aria-labelledby=\"field_7vsap32_label\" role=\"group\">\t\t<div class=\"frm_checkbox\" id=\"frm_checkbox_120-0\">\t\t\t<label  for=\"field_7vsap32-0\">\n\t\t\t<input type=\"checkbox\" name=\"item_meta[120][]\" id=\"field_7vsap32-0\" value=\"Telefon\"  data-invmsg=\"Ung\u00fcltiges Format\"   \/> Telefon<\/label><\/div>\n\t\t<div class=\"frm_checkbox\" id=\"frm_checkbox_120-1\">\t\t\t<label  for=\"field_7vsap32-1\">\n\t\t\t<input type=\"checkbox\" name=\"item_meta[120][]\" id=\"field_7vsap32-1\" value=\"E-mail\"  data-invmsg=\"Ung\u00fcltiges Format\"   \/> E-mail<\/label><\/div>\n<\/div>\r\n    \r\n    \r\n<\/div>\n<div id=\"frm_field_121_container\" class=\"frm_form_field form-field  frm_required_field frm_top_container frm12 frm_first\">\r\n    <label for=\"field_9jv0r132\" id=\"field_9jv0r132_label\" class=\"frm_primary_label\">Nachricht\r\n        <span class=\"frm_required\" aria-hidden=\"true\">*<\/span>\r\n    <\/label>\r\n    <textarea name=\"item_meta[121]\" id=\"field_9jv0r132\" rows=\"5\"  data-reqmsg=\"Pflichtfeld\" aria-required=\"true\" data-invmsg=\"Ung\u00fcltiges Format\" aria-invalid=\"false\"  ><\/textarea>\r\n    \r\n    \r\n<\/div>\n<div id=\"frm_field_122_container\" class=\"frm_form_field form-field  frm_required_field frm_top_container frm12 frm_first vertical_radio\">\r\n    <div  id=\"field_f4paz_label\" class=\"frm_primary_label\">Datenschutzrichtlinie\r\n        <span class=\"frm_required\" aria-hidden=\"true\">*<\/span>\r\n    <\/div>\r\n    <div class=\"frm_opt_container\" aria-labelledby=\"field_f4paz_label\" role=\"group\">\t\t<div class=\"frm_checkbox\" id=\"frm_checkbox_122-0\">\t\t\t<label  for=\"field_f4paz-0\">\n\t\t\t<input type=\"checkbox\" name=\"item_meta[122][]\" id=\"field_f4paz-0\" value=\"Ich erkl\u00e4re, die Datenschutzrichtlinie zur Kenntnis genommen zu haben und bin mit der Verarbeitung meiner Daten zu den auf dieser Seite&lt;\/a&gt; angegebenen Zwecken einverstanden.\"  data-reqmsg=\"Pflichtfeld\" data-invmsg=\"Ung\u00fcltiges Format\"   aria-required=\"true\"  \/> Ich erkl\u00e4re, die Datenschutzrichtlinie zur Kenntnis genommen zu haben und bin mit der Verarbeitung meiner Daten zu den auf dieser Seite<\/a> angegebenen Zwecken einverstanden.<\/label><\/div>\n<\/div>\r\n    \r\n    \r\n<\/div>\n<div id=\"frm_field_123_container\" class=\"frm_form_field form-field \">\r\n\t<div class=\"frm_submit\">\r\n\r\n<button class=\"frm_button_submit frm_final_submit\" type=\"submit\"   formnovalidate=\"formnovalidate\">Senden<\/button>\r\n\r\n\r\n<\/div>\r\n<\/div>\n\t<input type=\"hidden\" name=\"item_key\" value=\"\" \/>\n\t\t\t<div id=\"frm_field_144_container\">\n\t\t\t<label for=\"field_40ong\" >\n\t\t\t\tFalls Du menschlich bist, lasse dieses Feld leer.\t\t\t<\/label>\n\t\t\t<input  id=\"field_40ong\" type=\"text\" class=\"frm_form_field form-field frm_verify\" name=\"item_meta[144]\" value=\"\"  \/>\n\t\t<\/div>\n\t\t<input name=\"frm_state\" type=\"hidden\" value=\"X0Ta\/gWUmIK6tj7dP3hb3ozzLJxTlbDhWU84M7ouuvwOxZ4ZVI138e+Edm8aqW5u\" \/><\/div>\n<\/fieldset>\n<\/div>\n\n<p style=\"display: none !important;\" class=\"akismet-fields-container\" data-prefix=\"ak_\"><label>&#916;<textarea name=\"ak_hp_textarea\" cols=\"45\" rows=\"8\" maxlength=\"100\"><\/textarea><\/label><input type=\"hidden\" id=\"ak_js_1\" name=\"ak_js\" value=\"183\"\/><script>\ndocument.getElementById( \"ak_js_1\" ).setAttribute( \"value\", ( new Date() ).getTime() );\n<\/script>\n<\/p><\/form>\n<\/div>\n<\/div><\/div>\n<\/div>\n<\/div>\n<\/div>\n","protected":false},"excerpt":{"rendered":"","protected":false},"author":1,"featured_media":0,"parent":0,"menu_order":0,"comment_status":"closed","ping_status":"closed","template":"","meta":{"_acf_changed":false,"footnotes":""},"class_list":["post-1708","page","type-page","status-publish","hentry"],"yoast_head":"<!-- This site is optimized with the Yoast SEO plugin v27.5 - https:\/\/yoast.com\/product\/yoast-seo-wordpress\/ -->\n<title>Mit uns arbeiten - Capner CH<\/title>\n<meta name=\"robots\" content=\"index, follow, max-snippet:-1, max-image-preview:large, max-video-preview:-1\" \/>\n<link rel=\"canonical\" href=\"https:\/\/capner.ch\/de\/mit-uns-arbeiten\/\" \/>\n<meta property=\"og:locale\" content=\"de_DE\" \/>\n<meta property=\"og:type\" content=\"article\" \/>\n<meta property=\"og:title\" content=\"Mit uns arbeiten - Capner CH\" \/>\n<meta property=\"og:url\" content=\"https:\/\/capner.ch\/de\/mit-uns-arbeiten\/\" \/>\n<meta property=\"og:site_name\" content=\"Capner CH\" \/>\n<meta property=\"article:modified_time\" content=\"2025-09-04T14:19:42+00:00\" \/>\n<meta property=\"og:image\" content=\"https:\/\/capner.ch\/wp-content\/uploads\/sites\/5\/2025\/08\/capner_svizzera_03-1.jpeg\" \/>\n\t<meta property=\"og:image:width\" content=\"1280\" \/>\n\t<meta property=\"og:image:height\" content=\"720\" \/>\n\t<meta property=\"og:image:type\" content=\"image\/jpeg\" \/>\n<meta name=\"twitter:card\" content=\"summary_large_image\" \/>\n<meta name=\"twitter:label1\" content=\"Gesch\u00e4tzte Lesezeit\" \/>\n\t<meta name=\"twitter:data1\" content=\"1\u00a0Minute\" \/>\n<script type=\"application\/ld+json\" class=\"yoast-schema-graph\">{\"@context\":\"https:\\\/\\\/schema.org\",\"@graph\":[{\"@type\":\"WebPage\",\"@id\":\"https:\\\/\\\/capner.ch\\\/de\\\/mit-uns-arbeiten\\\/\",\"url\":\"https:\\\/\\\/capner.ch\\\/de\\\/mit-uns-arbeiten\\\/\",\"name\":\"Mit uns arbeiten - Capner CH\",\"isPartOf\":{\"@id\":\"https:\\\/\\\/capner.ch\\\/de\\\/#website\"},\"primaryImageOfPage\":{\"@id\":\"https:\\\/\\\/capner.ch\\\/de\\\/mit-uns-arbeiten\\\/#primaryimage\"},\"image\":{\"@id\":\"https:\\\/\\\/capner.ch\\\/de\\\/mit-uns-arbeiten\\\/#primaryimage\"},\"thumbnailUrl\":\"https:\\\/\\\/capner.ch\\\/wp-content\\\/uploads\\\/sites\\\/5\\\/2025\\\/08\\\/capner_svizzera_03-1.jpeg\",\"datePublished\":\"2025-03-03T13:02:40+00:00\",\"dateModified\":\"2025-09-04T14:19:42+00:00\",\"breadcrumb\":{\"@id\":\"https:\\\/\\\/capner.ch\\\/de\\\/mit-uns-arbeiten\\\/#breadcrumb\"},\"inLanguage\":\"de\",\"potentialAction\":[{\"@type\":\"ReadAction\",\"target\":[\"https:\\\/\\\/capner.ch\\\/de\\\/mit-uns-arbeiten\\\/\"]}]},{\"@type\":\"ImageObject\",\"inLanguage\":\"de\",\"@id\":\"https:\\\/\\\/capner.ch\\\/de\\\/mit-uns-arbeiten\\\/#primaryimage\",\"url\":\"https:\\\/\\\/capner.ch\\\/wp-content\\\/uploads\\\/sites\\\/5\\\/2025\\\/08\\\/capner_svizzera_03-1.jpeg\",\"contentUrl\":\"https:\\\/\\\/capner.ch\\\/wp-content\\\/uploads\\\/sites\\\/5\\\/2025\\\/08\\\/capner_svizzera_03-1.jpeg\"},{\"@type\":\"BreadcrumbList\",\"@id\":\"https:\\\/\\\/capner.ch\\\/de\\\/mit-uns-arbeiten\\\/#breadcrumb\",\"itemListElement\":[{\"@type\":\"ListItem\",\"position\":1,\"name\":\"Home\",\"item\":\"https:\\\/\\\/capner.ch\\\/de\\\/\"},{\"@type\":\"ListItem\",\"position\":2,\"name\":\"Mit uns arbeiten\"}]},{\"@type\":\"WebSite\",\"@id\":\"https:\\\/\\\/capner.ch\\\/de\\\/#website\",\"url\":\"https:\\\/\\\/capner.ch\\\/de\\\/\",\"name\":\"Capner CH\",\"description\":\"\",\"publisher\":{\"@id\":\"https:\\\/\\\/capner.ch\\\/de\\\/#organization\"},\"potentialAction\":[{\"@type\":\"SearchAction\",\"target\":{\"@type\":\"EntryPoint\",\"urlTemplate\":\"https:\\\/\\\/capner.ch\\\/de\\\/?s={search_term_string}\"},\"query-input\":{\"@type\":\"PropertyValueSpecification\",\"valueRequired\":true,\"valueName\":\"search_term_string\"}}],\"inLanguage\":\"de\"},{\"@type\":\"Organization\",\"@id\":\"https:\\\/\\\/capner.ch\\\/de\\\/#organization\",\"name\":\"Capner CH\",\"url\":\"https:\\\/\\\/capner.ch\\\/de\\\/\",\"logo\":{\"@type\":\"ImageObject\",\"inLanguage\":\"de\",\"@id\":\"https:\\\/\\\/capner.ch\\\/de\\\/#\\\/schema\\\/logo\\\/image\\\/\",\"url\":\"https:\\\/\\\/capner.ch\\\/wp-content\\\/uploads\\\/sites\\\/5\\\/2025\\\/02\\\/capner-logo-svg-1.svg\",\"contentUrl\":\"https:\\\/\\\/capner.ch\\\/wp-content\\\/uploads\\\/sites\\\/5\\\/2025\\\/02\\\/capner-logo-svg-1.svg\",\"caption\":\"Capner CH\"},\"image\":{\"@id\":\"https:\\\/\\\/capner.ch\\\/de\\\/#\\\/schema\\\/logo\\\/image\\\/\"}}]}<\/script>\n<!-- \/ Yoast SEO plugin. -->","yoast_head_json":{"title":"Mit uns arbeiten - Capner CH","robots":{"index":"index","follow":"follow","max-snippet":"max-snippet:-1","max-image-preview":"max-image-preview:large","max-video-preview":"max-video-preview:-1"},"canonical":"https:\/\/capner.ch\/de\/mit-uns-arbeiten\/","og_locale":"de_DE","og_type":"article","og_title":"Mit uns arbeiten - Capner CH","og_url":"https:\/\/capner.ch\/de\/mit-uns-arbeiten\/","og_site_name":"Capner CH","article_modified_time":"2025-09-04T14:19:42+00:00","og_image":[{"width":1280,"height":720,"url":"https:\/\/capner.ch\/wp-content\/uploads\/sites\/5\/2025\/08\/capner_svizzera_03-1.jpeg","type":"image\/jpeg"}],"twitter_card":"summary_large_image","twitter_misc":{"Gesch\u00e4tzte Lesezeit":"1\u00a0Minute"},"schema":{"@context":"https:\/\/schema.org","@graph":[{"@type":"WebPage","@id":"https:\/\/capner.ch\/de\/mit-uns-arbeiten\/","url":"https:\/\/capner.ch\/de\/mit-uns-arbeiten\/","name":"Mit uns arbeiten - Capner CH","isPartOf":{"@id":"https:\/\/capner.ch\/de\/#website"},"primaryImageOfPage":{"@id":"https:\/\/capner.ch\/de\/mit-uns-arbeiten\/#primaryimage"},"image":{"@id":"https:\/\/capner.ch\/de\/mit-uns-arbeiten\/#primaryimage"},"thumbnailUrl":"https:\/\/capner.ch\/wp-content\/uploads\/sites\/5\/2025\/08\/capner_svizzera_03-1.jpeg","datePublished":"2025-03-03T13:02:40+00:00","dateModified":"2025-09-04T14:19:42+00:00","breadcrumb":{"@id":"https:\/\/capner.ch\/de\/mit-uns-arbeiten\/#breadcrumb"},"inLanguage":"de","potentialAction":[{"@type":"ReadAction","target":["https:\/\/capner.ch\/de\/mit-uns-arbeiten\/"]}]},{"@type":"ImageObject","inLanguage":"de","@id":"https:\/\/capner.ch\/de\/mit-uns-arbeiten\/#primaryimage","url":"https:\/\/capner.ch\/wp-content\/uploads\/sites\/5\/2025\/08\/capner_svizzera_03-1.jpeg","contentUrl":"https:\/\/capner.ch\/wp-content\/uploads\/sites\/5\/2025\/08\/capner_svizzera_03-1.jpeg"},{"@type":"BreadcrumbList","@id":"https:\/\/capner.ch\/de\/mit-uns-arbeiten\/#breadcrumb","itemListElement":[{"@type":"ListItem","position":1,"name":"Home","item":"https:\/\/capner.ch\/de\/"},{"@type":"ListItem","position":2,"name":"Mit uns arbeiten"}]},{"@type":"WebSite","@id":"https:\/\/capner.ch\/de\/#website","url":"https:\/\/capner.ch\/de\/","name":"Capner CH","description":"","publisher":{"@id":"https:\/\/capner.ch\/de\/#organization"},"potentialAction":[{"@type":"SearchAction","target":{"@type":"EntryPoint","urlTemplate":"https:\/\/capner.ch\/de\/?s={search_term_string}"},"query-input":{"@type":"PropertyValueSpecification","valueRequired":true,"valueName":"search_term_string"}}],"inLanguage":"de"},{"@type":"Organization","@id":"https:\/\/capner.ch\/de\/#organization","name":"Capner CH","url":"https:\/\/capner.ch\/de\/","logo":{"@type":"ImageObject","inLanguage":"de","@id":"https:\/\/capner.ch\/de\/#\/schema\/logo\/image\/","url":"https:\/\/capner.ch\/wp-content\/uploads\/sites\/5\/2025\/02\/capner-logo-svg-1.svg","contentUrl":"https:\/\/capner.ch\/wp-content\/uploads\/sites\/5\/2025\/02\/capner-logo-svg-1.svg","caption":"Capner CH"},"image":{"@id":"https:\/\/capner.ch\/de\/#\/schema\/logo\/image\/"}}]}},"acf":[],"_links":{"self":[{"href":"https:\/\/capner.ch\/de\/wp-json\/wp\/v2\/pages\/1708","targetHints":{"allow":["GET"]}}],"collection":[{"href":"https:\/\/capner.ch\/de\/wp-json\/wp\/v2\/pages"}],"about":[{"href":"https:\/\/capner.ch\/de\/wp-json\/wp\/v2\/types\/page"}],"author":[{"embeddable":true,"href":"https:\/\/capner.ch\/de\/wp-json\/wp\/v2\/users\/1"}],"replies":[{"embeddable":true,"href":"https:\/\/capner.ch\/de\/wp-json\/wp\/v2\/comments?post=1708"}],"version-history":[{"count":1,"href":"https:\/\/capner.ch\/de\/wp-json\/wp\/v2\/pages\/1708\/revisions"}],"predecessor-version":[{"id":1710,"href":"https:\/\/capner.ch\/de\/wp-json\/wp\/v2\/pages\/1708\/revisions\/1710"}],"wp:attachment":[{"href":"https:\/\/capner.ch\/de\/wp-json\/wp\/v2\/media?parent=1708"}],"curies":[{"name":"wp","href":"https:\/\/api.w.org\/{rel}","templated":true}]}}