{"id":1714,"date":"2025-08-08T11:18:25","date_gmt":"2025-08-08T09:18:25","guid":{"rendered":"https:\/\/capner.ch\/questionnaire-sur-les-avantages\/"},"modified":"2025-09-04T18:03:21","modified_gmt":"2025-09-04T16:03:21","slug":"fragebogen-zu-den-vorteilen","status":"publish","type":"page","link":"https:\/\/capner.ch\/de\/fragebogen-zu-den-vorteilen\/","title":{"rendered":"Fragebogen zu den Vorteilen"},"content":{"rendered":"\n<div class=\"wp-block-cover alignfull has-custom-content-position is-position-bottom-center copertina-homepage\" style=\"padding-top:var(--wp--preset--spacing--60);padding-bottom:var(--wp--preset--spacing--50);min-height:80vh;aspect-ratio:unset;\"><img loading=\"lazy\" decoding=\"async\" width=\"1024\" height=\"574\" class=\"wp-block-cover__image-background wp-image-1432 size-large\" alt=\"\" src=\"https:\/\/capner.ch\/wp-content\/uploads\/sites\/5\/2025\/08\/capner_hero_klimabonus_1512590854-1024x574.jpg\" style=\"object-position:73% 54%\" data-object-fit=\"cover\" data-object-position=\"73% 54%\" srcset=\"https:\/\/capner.ch\/wp-content\/uploads\/sites\/5\/2025\/08\/capner_hero_klimabonus_1512590854-1024x574.jpg 1024w, https:\/\/capner.ch\/wp-content\/uploads\/sites\/5\/2025\/08\/capner_hero_klimabonus_1512590854-300x168.jpg 300w, https:\/\/capner.ch\/wp-content\/uploads\/sites\/5\/2025\/08\/capner_hero_klimabonus_1512590854-768x430.jpg 768w, https:\/\/capner.ch\/wp-content\/uploads\/sites\/5\/2025\/08\/capner_hero_klimabonus_1512590854-1536x861.jpg 1536w, https:\/\/capner.ch\/wp-content\/uploads\/sites\/5\/2025\/08\/capner_hero_klimabonus_1512590854.jpg 2000w\" sizes=\"auto, (max-width: 1024px) 100vw, 1024px\" \/><span aria-hidden=\"true\" class=\"wp-block-cover__background has-black-background-color has-background-dim\"><\/span><div class=\"wp-block-cover__inner-container has-global-padding is-layout-constrained wp-block-cover-is-layout-constrained\">\n<div class=\"wp-block-group has-global-padding is-content-justification-left is-layout-constrained wp-container-core-group-is-layout-e18b627f wp-block-group-is-layout-constrained\">\n<h1 class=\"wp-block-heading has-text-align-left has-neue-montreal-font-family has-titolo-giant-font-size\"><strong>M\u00f6chten Sie mehr \u00fcber finanzielle Anreize erfahren?<\/strong><\/h1>\n\n\n\n<h2 class=\"wp-block-heading has-titolo-sezione-font-size\">F\u00fcllen Sie das Formular aus, um weitere Informationen zu erhalten.<\/h2>\n<\/div>\n<\/div><\/div>\n\n\n\n<div class=\"wp-block-group t99-sezione pattern-banner-blu has-custom-uno-background-color has-background has-global-padding is-layout-constrained wp-container-core-group-is-layout-4ed9367f wp-block-group-is-layout-constrained\" style=\"padding-top:10vh;padding-bottom:10vh\">\n<div style=\"height:10px\" aria-hidden=\"true\" class=\"wp-block-spacer\"><\/div>\n\n\n\n<h2 class=\"wp-block-heading has-text-align-center has-custom-bianco-color has-text-color has-link-color has-titolo-sezione-font-size wp-elements-10c723fa6efe82b1c7585cdaa708f57e\" style=\"margin-top:0;margin-bottom:0\"><strong>Starten Sie den Fragebogen und erhalten Sie den kostenlosen PDF-Leitfaden mit Informationen zum Klimabonus.<\/strong><br>Dauer des Fragebogens: 1 Minute<\/h2>\n<\/div>\n\n\n\n<div style=\"height:50px\" aria-hidden=\"true\" class=\"wp-block-spacer\"><\/div>\n\n\n\n<div class=\"wp-block-columns is-layout-flex wp-container-core-columns-is-layout-28f84493 wp-block-columns-is-layout-flex\">\n<div class=\"wp-block-column is-layout-flow wp-block-column-is-layout-flow\">\n<div class=\"wp-block-columns is-layout-flex wp-container-core-columns-is-layout-28f84493 wp-block-columns-is-layout-flex\">\n<div class=\"wp-block-column is-layout-flow wp-block-column-is-layout-flow\" style=\"flex-basis:25%\"><\/div>\n\n\n\n<div class=\"wp-block-column is-layout-flow wp-block-column-is-layout-flow\" style=\"flex-basis:50%\"><div class=\"frm_forms  with_frm_style frm_style_capner-2\" id=\"frm_form_11_container\" data-token=\"a48c762723dd04cc49d0acbb0ec0f880\">\n<form enctype=\"multipart\/form-data\" method=\"post\" class=\"frm-show-form  frm_js_validate  frm_ajax_submit  frm_pro_form  frm_slidein \" id=\"form_sszdr2\" data-token=\"a48c762723dd04cc49d0acbb0ec0f880\">\n<div class=\"frm_form_fields  frm_page_num_1\">\n<fieldset>\n<legend class=\"frm_screen_reader\">Questionario Incentivi DE<\/legend>\r\n\r\n<div class=\"frm_fields_container\">\n<div class=\"frm_rootline_group\" role=\"group\" tabindex=\"0\" aria-label=\"Seite 1 von 8\" ><ul class=\"frm_page_bar frm_rootline_8 frm_rootline frm_rootline_line frm_no_numbers frm_show_lines \"><li class=\"frm_rootline_single frm_current_page\"><input type=\"button\" value=\"1\" data-page=\"\" class=\" frm_page_1\" aria-disabled=\"true\" data-field=\"0\" aria-label=\"Page 1\"  \/><\/li><li class=\"frm_rootline_single\"><input type=\"button\" value=\"2\" data-page=\"4\" class=\"frm_page_skip frm_page_2\" data-field=\"125\" aria-label=\"Suivant\"  \/><\/li><li class=\"frm_rootline_single\"><input type=\"button\" value=\"3\" data-page=\"8\" class=\"frm_page_skip frm_page_3\" data-field=\"127\" aria-label=\"Suivant\"  \/><\/li><li class=\"frm_rootline_single\"><input type=\"button\" value=\"4\" data-page=\"12\" class=\"frm_page_skip frm_page_4\" data-field=\"129\" aria-label=\"Seite 4\"  \/><\/li><li class=\"frm_rootline_single\"><input type=\"button\" value=\"5\" data-page=\"16\" class=\"frm_page_skip frm_page_5\" data-field=\"131\" aria-label=\"Seite 5\"  \/><\/li><li class=\"frm_rootline_single\"><input type=\"button\" value=\"6\" data-page=\"20\" class=\"frm_page_skip frm_page_6\" data-field=\"133\" aria-label=\"Seite 6\"  \/><\/li><li class=\"frm_rootline_single\"><input type=\"button\" value=\"7\" data-page=\"24\" class=\"frm_page_skip frm_page_7\" data-field=\"135\" aria-label=\"Seite 7\"  \/><\/li>\t\t<li class=\"frm_rootline_single frm_rootline_show_hidden_steps_btn frm_hidden\">\n\t\t\t<input type=\"button\" class=\"frm_rootline_show_more_btn\" value=\"\u00b7\u00b7\u00b7\" \/>\n\t\t\t<ul class=\"frm_rootline_hidden_steps frm_hidden\"><\/ul>\n\t\t<\/li>\n\t\t<li class=\"frm_rootline_single\"><input type=\"button\" value=\"8\" data-page=\"28\" class=\"frm_page_skip frm_page_8\" data-field=\"137\" aria-label=\"Seite 8\"  \/><\/li><\/ul><div class=\"frm_clearfix\"><\/div><\/div><input type=\"hidden\" name=\"frm_action\" value=\"create\" \/>\n<input type=\"hidden\" name=\"form_id\" value=\"11\" \/>\n<input type=\"hidden\" name=\"frm_hide_fields_11\" id=\"frm_hide_fields_11\" value=\"\" \/>\n<input type=\"hidden\" name=\"form_key\" value=\"sszdr2\" \/>\n<input type=\"hidden\" name=\"item_meta[0]\" value=\"\" \/>\n<input type=\"hidden\" id=\"frm_submit_entry_11\" name=\"frm_submit_entry_11\" value=\"8aebc37952\" \/><input type=\"hidden\" name=\"_wp_http_referer\" value=\"\/de\/wp-json\/wp\/v2\/pages\/1714\" \/><div id=\"frm_field_124_container\" class=\"frm_form_field form-field  frm_required_field frm_top_container vertical_radio\">\r\n\t<div  id=\"field_946gb2_label\" class=\"frm_primary_label\">Haben Sie schon von den F\u00f6rderungen f\u00fcr die Installation einer Photovoltaikanlage geh\u00f6rt?\r\n\t\t<span class=\"frm_required\" aria-hidden=\"true\">*<\/span>\r\n\t<\/div>\r\n\t<div class=\"frm_opt_container\" aria-labelledby=\"field_946gb2_label\" role=\"radiogroup\" aria-required=\"true\">\t\t<div class=\"frm_radio\" id=\"frm_radio_124-0\">\t\t\t<label  for=\"field_946gb2-0\">\n\t\t\t\t\t<input type=\"radio\" name=\"item_meta[124]\" id=\"field_946gb2-0\" value=\"Ja\"\n\t\t data-reqmsg=\"Pflichtfeld\" data-invmsg=\"Ung\u00fcltiges Format\"   \/> Ja<\/label><\/div>\n\t\t<div class=\"frm_radio\" id=\"frm_radio_124-1\">\t\t\t<label  for=\"field_946gb2-1\">\n\t\t\t\t\t<input type=\"radio\" name=\"item_meta[124]\" id=\"field_946gb2-1\" value=\"Nein\"\n\t\t data-reqmsg=\"Pflichtfeld\" data-invmsg=\"Ung\u00fcltiges Format\"   \/> Nein<\/label><\/div>\n\t\t<div class=\"frm_radio\" id=\"frm_radio_124-2\">\t\t\t<label  for=\"field_946gb2-2\">\n\t\t\t\t\t<input type=\"radio\" name=\"item_meta[124]\" id=\"field_946gb2-2\" value=\"Ich bin mir nicht sicher\"\n\t\t data-reqmsg=\"Pflichtfeld\" data-invmsg=\"Ung\u00fcltiges Format\"   \/> Ich bin mir nicht sicher<\/label><\/div>\n<\/div>\r\n\t\r\n\t\r\n<\/div>\n<input type=\"hidden\" name=\"frm_page_order_11\" id=\"frm_page_order_11\" value=\"4\" \/>\t\t<input  type=\"hidden\" name=\"item_meta[126]\" id=\"field_855u62-0\" value=\"\"     \/>\n\t\t\t\t<input  type=\"hidden\" name=\"item_meta[127]\" id=\"field_2i6ep2\" value=\"\"     \/>\n\t\t\t\t<input  type=\"hidden\" name=\"item_meta[128]\" id=\"field_7ix732-0\" value=\"\"     \/>\n\t\t\t\t<input  type=\"hidden\" name=\"item_meta[129]\" id=\"field_3gr1n2\" value=\"\"     \/>\n\t\t\t\t<input  type=\"hidden\" name=\"item_meta[130]\" id=\"field_jl98x2-0\" value=\"\"     \/>\n\t\t\t\t<input  type=\"hidden\" name=\"item_meta[131]\" id=\"field_8ej602\" value=\"\"     \/>\n\t\t\t\t<input  type=\"hidden\" name=\"item_meta[132]\" id=\"field_9rj9w2-0\" value=\"\"     \/>\n\t\t\t\t<input  type=\"hidden\" name=\"item_meta[133]\" id=\"field_553z\" value=\"\"     \/>\n\t\t\t\t<input  type=\"hidden\" name=\"item_meta[134]\" id=\"field_s4m4k2-0\" value=\"\"     \/>\n\t\t\t\t<input  type=\"hidden\" name=\"item_meta[135]\" id=\"field_q2kq92\" value=\"\"     \/>\n\t\t\t\t<input  type=\"hidden\" name=\"item_meta[136]\" id=\"field_of61d2-0\" value=\"\"     \/>\n\t\t\t\t<input  type=\"hidden\" name=\"item_meta[137]\" id=\"field_vhx6g2\" value=\"\"     \/>\n\t\t\t\t<input  type=\"hidden\" name=\"item_meta[138]\" id=\"field_qjj332\" value=\"\"     \/>\n\t\t\t\t<input  type=\"hidden\" name=\"item_meta[139]\" id=\"field_franz2\" value=\"\"  autocomplete=\"email\"     \/>\n\t\t\t\t<input  type=\"hidden\" name=\"item_meta[140]\" id=\"field_um87i2\" value=\"\"     \/>\n\t\t\t\t<input  type=\"hidden\" name=\"item_meta[141]\" id=\"field_v7s5l2-0\" value=\"\"     \/>\n\t\t\t\t<input  type=\"hidden\" name=\"item_meta[142]\" id=\"field_ox5kd2-0\" value=\"\"     \/>\n\t\t\t\t<input  type=\"hidden\" name=\"item_meta[143]\" id=\"field_invia\" value=\"\"     \/>\n\t\t\t<input type=\"hidden\" name=\"item_key\" value=\"\" \/>\n\t\t\t<div id=\"frm_field_144_container\">\n\t\t\t<label for=\"field_swp1l\" >\n\t\t\t\tFalls Du menschlich bist, lasse dieses Feld leer.\t\t\t<\/label>\n\t\t\t<input  id=\"field_swp1l\" type=\"text\" class=\"frm_form_field form-field frm_verify\" name=\"item_meta[144]\" value=\"\"  \/>\n\t\t<\/div>\n\t\t<input name=\"frm_state\" type=\"hidden\" value=\"X0Ta\/gWUmIK6tj7dP3hb3m2pPZmmJmbNGKBtsYx6174OxZ4ZVI138e+Edm8aqW5u\" \/><div class=\"frm_submit frm_flex\">\r\n<button class=\"frm_button_submit\" type=\"submit\"  >Weiter<\/button>\r\n\r\n\r\n\r\n<\/div><\/div>\n<\/fieldset>\n<\/div>\n\n<p style=\"display: none !important;\" class=\"akismet-fields-container\" data-prefix=\"ak_\"><label>&#916;<textarea name=\"ak_hp_textarea\" cols=\"45\" rows=\"8\" maxlength=\"100\"><\/textarea><\/label><input type=\"hidden\" id=\"ak_js_1\" name=\"ak_js\" value=\"179\"\/><script>\ndocument.getElementById( \"ak_js_1\" ).setAttribute( \"value\", ( new Date() ).getTime() );\n<\/script>\n<\/p><\/form>\n<\/div>\n<\/div>\n\n\n\n<div class=\"wp-block-column is-layout-flow wp-block-column-is-layout-flow\" style=\"flex-basis:25%\"><\/div>\n<\/div>\n<\/div>\n<\/div>\n\n\n\n<div class=\"wp-block-columns is-layout-flex wp-container-core-columns-is-layout-28f84493 wp-block-columns-is-layout-flex\">\n<div class=\"wp-block-column nascosto-desktop nascosto-tablet is-layout-flow wp-block-column-is-layout-flow\">\n<div class=\"wp-block-columns is-layout-flex wp-container-core-columns-is-layout-28f84493 wp-block-columns-is-layout-flex\">\n<div class=\"wp-block-column is-layout-flow wp-block-column-is-layout-flow\" style=\"flex-basis:25%\"><\/div>\n\n\n\n<div class=\"wp-block-column has-global-padding is-layout-constrained wp-block-column-is-layout-constrained\" style=\"flex-basis:50%\">\n<p class=\"has-text-align-center\"><\/p>\n<\/div>\n\n\n\n<div class=\"wp-block-column is-layout-flow wp-block-column-is-layout-flow\" style=\"flex-basis:25%\"><\/div>\n<\/div>\n<\/div>\n<\/div>\n\n\n\n<div style=\"height:50px\" aria-hidden=\"true\" class=\"wp-block-spacer\"><\/div>\n","protected":false},"excerpt":{"rendered":"<p>Starten Sie den Fragebogen und erhalten Sie den kostenlosen PDF-Leitfaden mit Informationen zum Klimabonus.Dauer des Fragebogens: 1 Minute<\/p>\n","protected":false},"author":1,"featured_media":0,"parent":0,"menu_order":0,"comment_status":"closed","ping_status":"closed","template":"","meta":{"_acf_changed":false,"footnotes":""},"class_list":["post-1714","page","type-page","status-publish","hentry"],"yoast_head":"<!-- This site is optimized with the Yoast SEO plugin v27.5 - https:\/\/yoast.com\/product\/yoast-seo-wordpress\/ -->\n<title>Fragebogen zu den Vorteilen - Capner CH<\/title>\n<meta name=\"robots\" content=\"index, follow, max-snippet:-1, max-image-preview:large, max-video-preview:-1\" \/>\n<link rel=\"canonical\" href=\"https:\/\/capner.ch\/de\/fragebogen-zu-den-vorteilen\/\" \/>\n<meta property=\"og:locale\" content=\"de_DE\" \/>\n<meta property=\"og:type\" content=\"article\" \/>\n<meta property=\"og:title\" content=\"Fragebogen zu den Vorteilen - Capner CH\" \/>\n<meta property=\"og:description\" content=\"Starten Sie den Fragebogen und erhalten Sie den kostenlosen PDF-Leitfaden mit Informationen zum Klimabonus.Dauer des Fragebogens: 1 Minute\" \/>\n<meta property=\"og:url\" content=\"https:\/\/capner.ch\/de\/fragebogen-zu-den-vorteilen\/\" \/>\n<meta property=\"og:site_name\" content=\"Capner CH\" \/>\n<meta property=\"article:modified_time\" content=\"2025-09-04T16:03:21+00:00\" \/>\n<meta property=\"og:image\" content=\"https:\/\/capner.ch\/wp-content\/uploads\/sites\/5\/2025\/08\/capner_hero_klimabonus_1512590854.jpg\" \/>\n\t<meta property=\"og:image:width\" content=\"2000\" \/>\n\t<meta property=\"og:image:height\" content=\"1121\" \/>\n\t<meta property=\"og:image:type\" content=\"image\/jpeg\" \/>\n<meta name=\"twitter:card\" content=\"summary_large_image\" \/>\n<meta name=\"twitter:label1\" content=\"Gesch\u00e4tzte Lesezeit\" \/>\n\t<meta name=\"twitter:data1\" content=\"1\u00a0Minute\" \/>\n<script type=\"application\/ld+json\" class=\"yoast-schema-graph\">{\"@context\":\"https:\\\/\\\/schema.org\",\"@graph\":[{\"@type\":\"WebPage\",\"@id\":\"https:\\\/\\\/capner.ch\\\/de\\\/fragebogen-zu-den-vorteilen\\\/\",\"url\":\"https:\\\/\\\/capner.ch\\\/de\\\/fragebogen-zu-den-vorteilen\\\/\",\"name\":\"Fragebogen zu den Vorteilen - Capner CH\",\"isPartOf\":{\"@id\":\"https:\\\/\\\/capner.ch\\\/de\\\/#website\"},\"primaryImageOfPage\":{\"@id\":\"https:\\\/\\\/capner.ch\\\/de\\\/fragebogen-zu-den-vorteilen\\\/#primaryimage\"},\"image\":{\"@id\":\"https:\\\/\\\/capner.ch\\\/de\\\/fragebogen-zu-den-vorteilen\\\/#primaryimage\"},\"thumbnailUrl\":\"https:\\\/\\\/capner.ch\\\/wp-content\\\/uploads\\\/sites\\\/5\\\/2025\\\/08\\\/capner_hero_klimabonus_1512590854-1024x574.jpg\",\"datePublished\":\"2025-08-08T09:18:25+00:00\",\"dateModified\":\"2025-09-04T16:03:21+00:00\",\"breadcrumb\":{\"@id\":\"https:\\\/\\\/capner.ch\\\/de\\\/fragebogen-zu-den-vorteilen\\\/#breadcrumb\"},\"inLanguage\":\"de\",\"potentialAction\":[{\"@type\":\"ReadAction\",\"target\":[\"https:\\\/\\\/capner.ch\\\/de\\\/fragebogen-zu-den-vorteilen\\\/\"]}]},{\"@type\":\"ImageObject\",\"inLanguage\":\"de\",\"@id\":\"https:\\\/\\\/capner.ch\\\/de\\\/fragebogen-zu-den-vorteilen\\\/#primaryimage\",\"url\":\"https:\\\/\\\/capner.ch\\\/wp-content\\\/uploads\\\/sites\\\/5\\\/2025\\\/08\\\/capner_hero_klimabonus_1512590854-1024x574.jpg\",\"contentUrl\":\"https:\\\/\\\/capner.ch\\\/wp-content\\\/uploads\\\/sites\\\/5\\\/2025\\\/08\\\/capner_hero_klimabonus_1512590854-1024x574.jpg\"},{\"@type\":\"BreadcrumbList\",\"@id\":\"https:\\\/\\\/capner.ch\\\/de\\\/fragebogen-zu-den-vorteilen\\\/#breadcrumb\",\"itemListElement\":[{\"@type\":\"ListItem\",\"position\":1,\"name\":\"Home\",\"item\":\"https:\\\/\\\/capner.ch\\\/de\\\/\"},{\"@type\":\"ListItem\",\"position\":2,\"name\":\"Fragebogen zu den Vorteilen\"}]},{\"@type\":\"WebSite\",\"@id\":\"https:\\\/\\\/capner.ch\\\/de\\\/#website\",\"url\":\"https:\\\/\\\/capner.ch\\\/de\\\/\",\"name\":\"Capner CH\",\"description\":\"\",\"publisher\":{\"@id\":\"https:\\\/\\\/capner.ch\\\/de\\\/#organization\"},\"potentialAction\":[{\"@type\":\"SearchAction\",\"target\":{\"@type\":\"EntryPoint\",\"urlTemplate\":\"https:\\\/\\\/capner.ch\\\/de\\\/?s={search_term_string}\"},\"query-input\":{\"@type\":\"PropertyValueSpecification\",\"valueRequired\":true,\"valueName\":\"search_term_string\"}}],\"inLanguage\":\"de\"},{\"@type\":\"Organization\",\"@id\":\"https:\\\/\\\/capner.ch\\\/de\\\/#organization\",\"name\":\"Capner CH\",\"url\":\"https:\\\/\\\/capner.ch\\\/de\\\/\",\"logo\":{\"@type\":\"ImageObject\",\"inLanguage\":\"de\",\"@id\":\"https:\\\/\\\/capner.ch\\\/de\\\/#\\\/schema\\\/logo\\\/image\\\/\",\"url\":\"https:\\\/\\\/capner.ch\\\/wp-content\\\/uploads\\\/sites\\\/5\\\/2025\\\/02\\\/capner-logo-svg-1.svg\",\"contentUrl\":\"https:\\\/\\\/capner.ch\\\/wp-content\\\/uploads\\\/sites\\\/5\\\/2025\\\/02\\\/capner-logo-svg-1.svg\",\"caption\":\"Capner CH\"},\"image\":{\"@id\":\"https:\\\/\\\/capner.ch\\\/de\\\/#\\\/schema\\\/logo\\\/image\\\/\"}}]}<\/script>\n<!-- \/ Yoast SEO plugin. -->","yoast_head_json":{"title":"Fragebogen zu den Vorteilen - Capner CH","robots":{"index":"index","follow":"follow","max-snippet":"max-snippet:-1","max-image-preview":"max-image-preview:large","max-video-preview":"max-video-preview:-1"},"canonical":"https:\/\/capner.ch\/de\/fragebogen-zu-den-vorteilen\/","og_locale":"de_DE","og_type":"article","og_title":"Fragebogen zu den Vorteilen - Capner CH","og_description":"Starten Sie den Fragebogen und erhalten Sie den kostenlosen PDF-Leitfaden mit Informationen zum Klimabonus.Dauer des Fragebogens: 1 Minute","og_url":"https:\/\/capner.ch\/de\/fragebogen-zu-den-vorteilen\/","og_site_name":"Capner CH","article_modified_time":"2025-09-04T16:03:21+00:00","og_image":[{"width":2000,"height":1121,"url":"https:\/\/capner.ch\/wp-content\/uploads\/sites\/5\/2025\/08\/capner_hero_klimabonus_1512590854.jpg","type":"image\/jpeg"}],"twitter_card":"summary_large_image","twitter_misc":{"Gesch\u00e4tzte Lesezeit":"1\u00a0Minute"},"schema":{"@context":"https:\/\/schema.org","@graph":[{"@type":"WebPage","@id":"https:\/\/capner.ch\/de\/fragebogen-zu-den-vorteilen\/","url":"https:\/\/capner.ch\/de\/fragebogen-zu-den-vorteilen\/","name":"Fragebogen zu den Vorteilen - Capner CH","isPartOf":{"@id":"https:\/\/capner.ch\/de\/#website"},"primaryImageOfPage":{"@id":"https:\/\/capner.ch\/de\/fragebogen-zu-den-vorteilen\/#primaryimage"},"image":{"@id":"https:\/\/capner.ch\/de\/fragebogen-zu-den-vorteilen\/#primaryimage"},"thumbnailUrl":"https:\/\/capner.ch\/wp-content\/uploads\/sites\/5\/2025\/08\/capner_hero_klimabonus_1512590854-1024x574.jpg","datePublished":"2025-08-08T09:18:25+00:00","dateModified":"2025-09-04T16:03:21+00:00","breadcrumb":{"@id":"https:\/\/capner.ch\/de\/fragebogen-zu-den-vorteilen\/#breadcrumb"},"inLanguage":"de","potentialAction":[{"@type":"ReadAction","target":["https:\/\/capner.ch\/de\/fragebogen-zu-den-vorteilen\/"]}]},{"@type":"ImageObject","inLanguage":"de","@id":"https:\/\/capner.ch\/de\/fragebogen-zu-den-vorteilen\/#primaryimage","url":"https:\/\/capner.ch\/wp-content\/uploads\/sites\/5\/2025\/08\/capner_hero_klimabonus_1512590854-1024x574.jpg","contentUrl":"https:\/\/capner.ch\/wp-content\/uploads\/sites\/5\/2025\/08\/capner_hero_klimabonus_1512590854-1024x574.jpg"},{"@type":"BreadcrumbList","@id":"https:\/\/capner.ch\/de\/fragebogen-zu-den-vorteilen\/#breadcrumb","itemListElement":[{"@type":"ListItem","position":1,"name":"Home","item":"https:\/\/capner.ch\/de\/"},{"@type":"ListItem","position":2,"name":"Fragebogen zu den Vorteilen"}]},{"@type":"WebSite","@id":"https:\/\/capner.ch\/de\/#website","url":"https:\/\/capner.ch\/de\/","name":"Capner CH","description":"","publisher":{"@id":"https:\/\/capner.ch\/de\/#organization"},"potentialAction":[{"@type":"SearchAction","target":{"@type":"EntryPoint","urlTemplate":"https:\/\/capner.ch\/de\/?s={search_term_string}"},"query-input":{"@type":"PropertyValueSpecification","valueRequired":true,"valueName":"search_term_string"}}],"inLanguage":"de"},{"@type":"Organization","@id":"https:\/\/capner.ch\/de\/#organization","name":"Capner CH","url":"https:\/\/capner.ch\/de\/","logo":{"@type":"ImageObject","inLanguage":"de","@id":"https:\/\/capner.ch\/de\/#\/schema\/logo\/image\/","url":"https:\/\/capner.ch\/wp-content\/uploads\/sites\/5\/2025\/02\/capner-logo-svg-1.svg","contentUrl":"https:\/\/capner.ch\/wp-content\/uploads\/sites\/5\/2025\/02\/capner-logo-svg-1.svg","caption":"Capner CH"},"image":{"@id":"https:\/\/capner.ch\/de\/#\/schema\/logo\/image\/"}}]}},"acf":[],"_links":{"self":[{"href":"https:\/\/capner.ch\/de\/wp-json\/wp\/v2\/pages\/1714","targetHints":{"allow":["GET"]}}],"collection":[{"href":"https:\/\/capner.ch\/de\/wp-json\/wp\/v2\/pages"}],"about":[{"href":"https:\/\/capner.ch\/de\/wp-json\/wp\/v2\/types\/page"}],"author":[{"embeddable":true,"href":"https:\/\/capner.ch\/de\/wp-json\/wp\/v2\/users\/1"}],"replies":[{"embeddable":true,"href":"https:\/\/capner.ch\/de\/wp-json\/wp\/v2\/comments?post=1714"}],"version-history":[{"count":3,"href":"https:\/\/capner.ch\/de\/wp-json\/wp\/v2\/pages\/1714\/revisions"}],"predecessor-version":[{"id":1726,"href":"https:\/\/capner.ch\/de\/wp-json\/wp\/v2\/pages\/1714\/revisions\/1726"}],"wp:attachment":[{"href":"https:\/\/capner.ch\/de\/wp-json\/wp\/v2\/media?parent=1714"}],"curies":[{"name":"wp","href":"https:\/\/api.w.org\/{rel}","templated":true}]}}