{"id":1626,"date":"2025-08-07T12:36:28","date_gmt":"2025-08-07T10:36:28","guid":{"rendered":"https:\/\/capner.ch\/product\/liberty-10-0\/"},"modified":"2025-10-17T11:24:50","modified_gmt":"2025-10-17T09:24:50","slug":"liberty-10-0","status":"publish","type":"product","link":"https:\/\/capner.ch\/de\/product\/liberty-10-0\/","title":{"rendered":"LIBERTY 10.0"},"content":{"rendered":"\n<h3 class=\"wp-block-heading has-titolo-sezione-font-size\"><strong>Flexible<\/strong> Speicherleistung<\/h3>\n\n\n\n<p class=\"\">Die Liberty 10.0 ist eine Spitzentechnologie f\u00fcr hohe Produktions- und Speicherkapazit\u00e4ten.Dieses System passt sich perfekt an die Energiebed\u00fcrfnisse von Privathaushalten, KMU, Mehrfamilienh\u00e4usern, Industriebetrieben und Gewerbeeinrichtungen an.<br>Dank des modularen Aufbaus und des integrierten Managementsystems erm\u00f6glicht die Liberty 10.0 den Anschluss von bis zu 8 unabh\u00e4ngigen Einheiten \u00e0 5 kWh.<br>Mit ihren stapelbaren, kabellosen Speichermodulen bietet die Liberty 10.0 sowohl ein ergonomisches Design als auch eine skalierbare Eigenverbrauchskapazit\u00e4t, ohne Ihr Budget zu belasten.<br>Eine beeindruckende Flexibilit\u00e4t, mit der M\u00f6glichkeit, bis zu 8 Einheiten \u00e0 5 kWh parallel zu betreiben \u2013 f\u00fcr eine gesamte Speicherkapazit\u00e4t von 40 kWh (weitere Konfigurationen auf Anfrage erh\u00e4ltlich).<\/p>\n\n\n\n<div style=\"height:50px\" aria-hidden=\"true\" class=\"wp-block-spacer\"><\/div>\n\n\n\n<div class=\"wp-block-columns pattern-galleria-prodotto is-layout-flex wp-container-core-columns-is-layout-fef0e728 wp-block-columns-is-layout-flex\">\n<div class=\"wp-block-column is-layout-flow wp-container-core-column-is-layout-e3d1c41b wp-block-column-is-layout-flow\">\n<figure data-wp-context=\"{&quot;imageId&quot;:&quot;69fd8048bcd46&quot;}\" data-wp-interactive=\"core\/image\" class=\"wp-block-image size-full wp-lightbox-container\"><img loading=\"lazy\" decoding=\"async\" width=\"1500\" height=\"1500\" data-wp-class--hide=\"state.isContentHidden\" data-wp-class--show=\"state.isContentVisible\" data-wp-init=\"callbacks.setButtonStyles\" data-wp-on-async--click=\"actions.showLightbox\" data-wp-on-async--load=\"callbacks.setButtonStyles\" data-wp-on-async-window--resize=\"callbacks.setButtonStyles\" src=\"https:\/\/capner.ch\/wp-content\/uploads\/sites\/5\/2025\/08\/capner_liberty_10_cover_nero-2.jpg\" alt=\"\" class=\"wp-image-1236\" srcset=\"https:\/\/capner.ch\/wp-content\/uploads\/sites\/5\/2025\/08\/capner_liberty_10_cover_nero-2.jpg 1500w, https:\/\/capner.ch\/wp-content\/uploads\/sites\/5\/2025\/08\/capner_liberty_10_cover_nero-2-300x300.jpg 300w, https:\/\/capner.ch\/wp-content\/uploads\/sites\/5\/2025\/08\/capner_liberty_10_cover_nero-2-1024x1024.jpg 1024w, https:\/\/capner.ch\/wp-content\/uploads\/sites\/5\/2025\/08\/capner_liberty_10_cover_nero-2-150x150.jpg 150w, https:\/\/capner.ch\/wp-content\/uploads\/sites\/5\/2025\/08\/capner_liberty_10_cover_nero-2-768x768.jpg 768w\" sizes=\"auto, (max-width: 1500px) 100vw, 1500px\" \/><button\n\t\t\tclass=\"lightbox-trigger\"\n\t\t\ttype=\"button\"\n\t\t\taria-haspopup=\"dialog\"\n\t\t\taria-label=\"Vergr\u00f6\u00dfern\"\n\t\t\tdata-wp-init=\"callbacks.initTriggerButton\"\n\t\t\tdata-wp-on-async--click=\"actions.showLightbox\"\n\t\t\tdata-wp-style--right=\"state.imageButtonRight\"\n\t\t\tdata-wp-style--top=\"state.imageButtonTop\"\n\t\t>\n\t\t\t<svg xmlns=\"http:\/\/www.w3.org\/2000\/svg\" width=\"12\" height=\"12\" fill=\"none\" viewBox=\"0 0 12 12\">\n\t\t\t\t<path fill=\"#fff\" d=\"M2 0a2 2 0 0 0-2 2v2h1.5V2a.5.5 0 0 1 .5-.5h2V0H2Zm2 10.5H2a.5.5 0 0 1-.5-.5V8H0v2a2 2 0 0 0 2 2h2v-1.5ZM8 12v-1.5h2a.5.5 0 0 0 .5-.5V8H12v2a2 2 0 0 1-2 2H8Zm2-12a2 2 0 0 1 2 2v2h-1.5V2a.5.5 0 0 0-.5-.5H8V0h2Z\" \/>\n\t\t\t<\/svg>\n\t\t<\/button><\/figure>\n\n\n\n<figure data-wp-context=\"{&quot;imageId&quot;:&quot;69fd8048bd37e&quot;}\" data-wp-interactive=\"core\/image\" class=\"wp-block-image size-full wp-lightbox-container\"><img loading=\"lazy\" decoding=\"async\" width=\"800\" height=\"1200\" data-wp-class--hide=\"state.isContentHidden\" data-wp-class--show=\"state.isContentVisible\" data-wp-init=\"callbacks.setButtonStyles\" data-wp-on-async--click=\"actions.showLightbox\" data-wp-on-async--load=\"callbacks.setButtonStyles\" data-wp-on-async-window--resize=\"callbacks.setButtonStyles\" src=\"https:\/\/capner.ch\/wp-content\/uploads\/sites\/5\/2025\/08\/capner_foto_prodotto_Liberty-10.0_nero_02.jpg\" alt=\"\" class=\"wp-image-1234\" srcset=\"https:\/\/capner.ch\/wp-content\/uploads\/sites\/5\/2025\/08\/capner_foto_prodotto_Liberty-10.0_nero_02.jpg 800w, https:\/\/capner.ch\/wp-content\/uploads\/sites\/5\/2025\/08\/capner_foto_prodotto_Liberty-10.0_nero_02-200x300.jpg 200w, https:\/\/capner.ch\/wp-content\/uploads\/sites\/5\/2025\/08\/capner_foto_prodotto_Liberty-10.0_nero_02-683x1024.jpg 683w, https:\/\/capner.ch\/wp-content\/uploads\/sites\/5\/2025\/08\/capner_foto_prodotto_Liberty-10.0_nero_02-768x1152.jpg 768w\" sizes=\"auto, (max-width: 800px) 100vw, 800px\" \/><button\n\t\t\tclass=\"lightbox-trigger\"\n\t\t\ttype=\"button\"\n\t\t\taria-haspopup=\"dialog\"\n\t\t\taria-label=\"Vergr\u00f6\u00dfern\"\n\t\t\tdata-wp-init=\"callbacks.initTriggerButton\"\n\t\t\tdata-wp-on-async--click=\"actions.showLightbox\"\n\t\t\tdata-wp-style--right=\"state.imageButtonRight\"\n\t\t\tdata-wp-style--top=\"state.imageButtonTop\"\n\t\t>\n\t\t\t<svg xmlns=\"http:\/\/www.w3.org\/2000\/svg\" width=\"12\" height=\"12\" fill=\"none\" viewBox=\"0 0 12 12\">\n\t\t\t\t<path fill=\"#fff\" d=\"M2 0a2 2 0 0 0-2 2v2h1.5V2a.5.5 0 0 1 .5-.5h2V0H2Zm2 10.5H2a.5.5 0 0 1-.5-.5V8H0v2a2 2 0 0 0 2 2h2v-1.5ZM8 12v-1.5h2a.5.5 0 0 0 .5-.5V8H12v2a2 2 0 0 1-2 2H8Zm2-12a2 2 0 0 1 2 2v2h-1.5V2a.5.5 0 0 0-.5-.5H8V0h2Z\" \/>\n\t\t\t<\/svg>\n\t\t<\/button><\/figure>\n<\/div>\n\n\n\n<div class=\"wp-block-column is-layout-flow wp-container-core-column-is-layout-e3d1c41b wp-block-column-is-layout-flow\">\n<figure data-wp-context=\"{&quot;imageId&quot;:&quot;69fd8048bef0e&quot;}\" data-wp-interactive=\"core\/image\" class=\"wp-block-image size-full wp-lightbox-container\"><img loading=\"lazy\" decoding=\"async\" width=\"1333\" height=\"2000\" data-wp-class--hide=\"state.isContentHidden\" data-wp-class--show=\"state.isContentVisible\" data-wp-init=\"callbacks.setButtonStyles\" data-wp-on-async--click=\"actions.showLightbox\" data-wp-on-async--load=\"callbacks.setButtonStyles\" data-wp-on-async-window--resize=\"callbacks.setButtonStyles\" src=\"https:\/\/capner.ch\/wp-content\/uploads\/sites\/5\/2025\/08\/liberty_10.0_nero.png\" alt=\"\" class=\"wp-image-1238\" srcset=\"https:\/\/capner.ch\/wp-content\/uploads\/sites\/5\/2025\/08\/liberty_10.0_nero.png 1333w, https:\/\/capner.ch\/wp-content\/uploads\/sites\/5\/2025\/08\/liberty_10.0_nero-200x300.png 200w, https:\/\/capner.ch\/wp-content\/uploads\/sites\/5\/2025\/08\/liberty_10.0_nero-682x1024.png 682w, https:\/\/capner.ch\/wp-content\/uploads\/sites\/5\/2025\/08\/liberty_10.0_nero-768x1152.png 768w, https:\/\/capner.ch\/wp-content\/uploads\/sites\/5\/2025\/08\/liberty_10.0_nero-1024x1536.png 1024w\" sizes=\"auto, (max-width: 1333px) 100vw, 1333px\" \/><button\n\t\t\tclass=\"lightbox-trigger\"\n\t\t\ttype=\"button\"\n\t\t\taria-haspopup=\"dialog\"\n\t\t\taria-label=\"Vergr\u00f6\u00dfern\"\n\t\t\tdata-wp-init=\"callbacks.initTriggerButton\"\n\t\t\tdata-wp-on-async--click=\"actions.showLightbox\"\n\t\t\tdata-wp-style--right=\"state.imageButtonRight\"\n\t\t\tdata-wp-style--top=\"state.imageButtonTop\"\n\t\t>\n\t\t\t<svg xmlns=\"http:\/\/www.w3.org\/2000\/svg\" width=\"12\" height=\"12\" fill=\"none\" viewBox=\"0 0 12 12\">\n\t\t\t\t<path fill=\"#fff\" d=\"M2 0a2 2 0 0 0-2 2v2h1.5V2a.5.5 0 0 1 .5-.5h2V0H2Zm2 10.5H2a.5.5 0 0 1-.5-.5V8H0v2a2 2 0 0 0 2 2h2v-1.5ZM8 12v-1.5h2a.5.5 0 0 0 .5-.5V8H12v2a2 2 0 0 1-2 2H8Zm2-12a2 2 0 0 1 2 2v2h-1.5V2a.5.5 0 0 0-.5-.5H8V0h2Z\" \/>\n\t\t\t<\/svg>\n\t\t<\/button><\/figure>\n\n\n\n<figure data-wp-context=\"{&quot;imageId&quot;:&quot;69fd8048bf4a1&quot;}\" data-wp-interactive=\"core\/image\" class=\"wp-block-image size-full wp-lightbox-container\"><img loading=\"lazy\" decoding=\"async\" width=\"1333\" height=\"2000\" data-wp-class--hide=\"state.isContentHidden\" data-wp-class--show=\"state.isContentVisible\" data-wp-init=\"callbacks.setButtonStyles\" data-wp-on-async--click=\"actions.showLightbox\" data-wp-on-async--load=\"callbacks.setButtonStyles\" data-wp-on-async-window--resize=\"callbacks.setButtonStyles\" src=\"https:\/\/capner.ch\/wp-content\/uploads\/sites\/5\/2025\/08\/Capner__R210061.jpg\" alt=\"\" class=\"wp-image-1240\" style=\"aspect-ratio:4\/3;object-fit:cover\" srcset=\"https:\/\/capner.ch\/wp-content\/uploads\/sites\/5\/2025\/08\/Capner__R210061.jpg 1333w, https:\/\/capner.ch\/wp-content\/uploads\/sites\/5\/2025\/08\/Capner__R210061-200x300.jpg 200w, https:\/\/capner.ch\/wp-content\/uploads\/sites\/5\/2025\/08\/Capner__R210061-682x1024.jpg 682w, https:\/\/capner.ch\/wp-content\/uploads\/sites\/5\/2025\/08\/Capner__R210061-768x1152.jpg 768w, https:\/\/capner.ch\/wp-content\/uploads\/sites\/5\/2025\/08\/Capner__R210061-1024x1536.jpg 1024w\" sizes=\"auto, (max-width: 1333px) 100vw, 1333px\" \/><button\n\t\t\tclass=\"lightbox-trigger\"\n\t\t\ttype=\"button\"\n\t\t\taria-haspopup=\"dialog\"\n\t\t\taria-label=\"Vergr\u00f6\u00dfern\"\n\t\t\tdata-wp-init=\"callbacks.initTriggerButton\"\n\t\t\tdata-wp-on-async--click=\"actions.showLightbox\"\n\t\t\tdata-wp-style--right=\"state.imageButtonRight\"\n\t\t\tdata-wp-style--top=\"state.imageButtonTop\"\n\t\t>\n\t\t\t<svg xmlns=\"http:\/\/www.w3.org\/2000\/svg\" width=\"12\" height=\"12\" fill=\"none\" viewBox=\"0 0 12 12\">\n\t\t\t\t<path fill=\"#fff\" d=\"M2 0a2 2 0 0 0-2 2v2h1.5V2a.5.5 0 0 1 .5-.5h2V0H2Zm2 10.5H2a.5.5 0 0 1-.5-.5V8H0v2a2 2 0 0 0 2 2h2v-1.5ZM8 12v-1.5h2a.5.5 0 0 0 .5-.5V8H12v2a2 2 0 0 1-2 2H8Zm2-12a2 2 0 0 1 2 2v2h-1.5V2a.5.5 0 0 0-.5-.5H8V0h2Z\" \/>\n\t\t\t<\/svg>\n\t\t<\/button><\/figure>\n<\/div>\n<\/div>\n\n\n\n<p class=\"\"><\/p>\n","protected":false},"excerpt":{"rendered":"<p>Erweiterbares Speichersystem f\u00fcr Unternehmen und Gewerbe.<\/p>\n","protected":false},"featured_media":1238,"template":"single-product-2","tipo-prodotto":[51],"class_list":["post-1626","product","type-product","status-publish","has-post-thumbnail","hentry","tipo-prodotto-batterien-und-speichersysteme"],"yoast_head":"<!-- This site is optimized with the Yoast SEO plugin v27.5 - https:\/\/yoast.com\/product\/yoast-seo-wordpress\/ -->\n<title>LIBERTY 10.0 - Capner CH<\/title>\n<meta name=\"robots\" content=\"index, follow, max-snippet:-1, max-image-preview:large, max-video-preview:-1\" \/>\n<link rel=\"canonical\" href=\"https:\/\/capner.ch\/de\/product\/liberty-10-0\/\" \/>\n<meta property=\"og:locale\" content=\"de_DE\" \/>\n<meta property=\"og:type\" content=\"article\" \/>\n<meta property=\"og:title\" content=\"LIBERTY 10.0 - Capner CH\" \/>\n<meta property=\"og:description\" content=\"Erweiterbares Speichersystem f\u00fcr Unternehmen und Gewerbe.\" \/>\n<meta property=\"og:url\" content=\"https:\/\/capner.ch\/de\/product\/liberty-10-0\/\" \/>\n<meta property=\"og:site_name\" content=\"Capner CH\" \/>\n<meta property=\"article:modified_time\" content=\"2025-10-17T09:24:50+00:00\" \/>\n<meta property=\"og:image\" content=\"https:\/\/capner.ch\/wp-content\/uploads\/sites\/5\/2025\/08\/liberty_10.0_nero.png\" \/>\n\t<meta property=\"og:image:width\" content=\"1333\" \/>\n\t<meta property=\"og:image:height\" content=\"2000\" \/>\n\t<meta property=\"og:image:type\" content=\"image\/png\" \/>\n<meta name=\"twitter:card\" content=\"summary_large_image\" \/>\n<meta name=\"twitter:label1\" content=\"Gesch\u00e4tzte Lesezeit\" \/>\n\t<meta name=\"twitter:data1\" content=\"2\u00a0Minuten\" \/>\n<script type=\"application\/ld+json\" class=\"yoast-schema-graph\">{\"@context\":\"https:\\\/\\\/schema.org\",\"@graph\":[{\"@type\":\"WebPage\",\"@id\":\"https:\\\/\\\/capner.ch\\\/de\\\/product\\\/liberty-10-0\\\/\",\"url\":\"https:\\\/\\\/capner.ch\\\/de\\\/product\\\/liberty-10-0\\\/\",\"name\":\"LIBERTY 10.0 - Capner CH\",\"isPartOf\":{\"@id\":\"https:\\\/\\\/capner.ch\\\/de\\\/#website\"},\"primaryImageOfPage\":{\"@id\":\"https:\\\/\\\/capner.ch\\\/de\\\/product\\\/liberty-10-0\\\/#primaryimage\"},\"image\":{\"@id\":\"https:\\\/\\\/capner.ch\\\/de\\\/product\\\/liberty-10-0\\\/#primaryimage\"},\"thumbnailUrl\":\"https:\\\/\\\/capner.ch\\\/wp-content\\\/uploads\\\/sites\\\/5\\\/2025\\\/08\\\/liberty_10.0_nero.png\",\"datePublished\":\"2025-08-07T10:36:28+00:00\",\"dateModified\":\"2025-10-17T09:24:50+00:00\",\"breadcrumb\":{\"@id\":\"https:\\\/\\\/capner.ch\\\/de\\\/product\\\/liberty-10-0\\\/#breadcrumb\"},\"inLanguage\":\"de\",\"potentialAction\":[{\"@type\":\"ReadAction\",\"target\":[\"https:\\\/\\\/capner.ch\\\/de\\\/product\\\/liberty-10-0\\\/\"]}]},{\"@type\":\"ImageObject\",\"inLanguage\":\"de\",\"@id\":\"https:\\\/\\\/capner.ch\\\/de\\\/product\\\/liberty-10-0\\\/#primaryimage\",\"url\":\"https:\\\/\\\/capner.ch\\\/wp-content\\\/uploads\\\/sites\\\/5\\\/2025\\\/08\\\/liberty_10.0_nero.png\",\"contentUrl\":\"https:\\\/\\\/capner.ch\\\/wp-content\\\/uploads\\\/sites\\\/5\\\/2025\\\/08\\\/liberty_10.0_nero.png\",\"width\":1333,\"height\":2000},{\"@type\":\"BreadcrumbList\",\"@id\":\"https:\\\/\\\/capner.ch\\\/de\\\/product\\\/liberty-10-0\\\/#breadcrumb\",\"itemListElement\":[{\"@type\":\"ListItem\",\"position\":1,\"name\":\"Home\",\"item\":\"https:\\\/\\\/capner.ch\\\/de\\\/\"},{\"@type\":\"ListItem\",\"position\":2,\"name\":\"LIBERTY 10.0\"}]},{\"@type\":\"WebSite\",\"@id\":\"https:\\\/\\\/capner.ch\\\/de\\\/#website\",\"url\":\"https:\\\/\\\/capner.ch\\\/de\\\/\",\"name\":\"Capner CH\",\"description\":\"\",\"publisher\":{\"@id\":\"https:\\\/\\\/capner.ch\\\/de\\\/#organization\"},\"potentialAction\":[{\"@type\":\"SearchAction\",\"target\":{\"@type\":\"EntryPoint\",\"urlTemplate\":\"https:\\\/\\\/capner.ch\\\/de\\\/?s={search_term_string}\"},\"query-input\":{\"@type\":\"PropertyValueSpecification\",\"valueRequired\":true,\"valueName\":\"search_term_string\"}}],\"inLanguage\":\"de\"},{\"@type\":\"Organization\",\"@id\":\"https:\\\/\\\/capner.ch\\\/de\\\/#organization\",\"name\":\"Capner CH\",\"url\":\"https:\\\/\\\/capner.ch\\\/de\\\/\",\"logo\":{\"@type\":\"ImageObject\",\"inLanguage\":\"de\",\"@id\":\"https:\\\/\\\/capner.ch\\\/de\\\/#\\\/schema\\\/logo\\\/image\\\/\",\"url\":\"https:\\\/\\\/capner.ch\\\/wp-content\\\/uploads\\\/sites\\\/5\\\/2025\\\/02\\\/capner-logo-svg-1.svg\",\"contentUrl\":\"https:\\\/\\\/capner.ch\\\/wp-content\\\/uploads\\\/sites\\\/5\\\/2025\\\/02\\\/capner-logo-svg-1.svg\",\"caption\":\"Capner CH\"},\"image\":{\"@id\":\"https:\\\/\\\/capner.ch\\\/de\\\/#\\\/schema\\\/logo\\\/image\\\/\"}}]}<\/script>\n<!-- \/ Yoast SEO plugin. -->","yoast_head_json":{"title":"LIBERTY 10.0 - Capner CH","robots":{"index":"index","follow":"follow","max-snippet":"max-snippet:-1","max-image-preview":"max-image-preview:large","max-video-preview":"max-video-preview:-1"},"canonical":"https:\/\/capner.ch\/de\/product\/liberty-10-0\/","og_locale":"de_DE","og_type":"article","og_title":"LIBERTY 10.0 - Capner CH","og_description":"Erweiterbares Speichersystem f\u00fcr Unternehmen und Gewerbe.","og_url":"https:\/\/capner.ch\/de\/product\/liberty-10-0\/","og_site_name":"Capner CH","article_modified_time":"2025-10-17T09:24:50+00:00","og_image":[{"width":1333,"height":2000,"url":"https:\/\/capner.ch\/wp-content\/uploads\/sites\/5\/2025\/08\/liberty_10.0_nero.png","type":"image\/png"}],"twitter_card":"summary_large_image","twitter_misc":{"Gesch\u00e4tzte Lesezeit":"2\u00a0Minuten"},"schema":{"@context":"https:\/\/schema.org","@graph":[{"@type":"WebPage","@id":"https:\/\/capner.ch\/de\/product\/liberty-10-0\/","url":"https:\/\/capner.ch\/de\/product\/liberty-10-0\/","name":"LIBERTY 10.0 - Capner CH","isPartOf":{"@id":"https:\/\/capner.ch\/de\/#website"},"primaryImageOfPage":{"@id":"https:\/\/capner.ch\/de\/product\/liberty-10-0\/#primaryimage"},"image":{"@id":"https:\/\/capner.ch\/de\/product\/liberty-10-0\/#primaryimage"},"thumbnailUrl":"https:\/\/capner.ch\/wp-content\/uploads\/sites\/5\/2025\/08\/liberty_10.0_nero.png","datePublished":"2025-08-07T10:36:28+00:00","dateModified":"2025-10-17T09:24:50+00:00","breadcrumb":{"@id":"https:\/\/capner.ch\/de\/product\/liberty-10-0\/#breadcrumb"},"inLanguage":"de","potentialAction":[{"@type":"ReadAction","target":["https:\/\/capner.ch\/de\/product\/liberty-10-0\/"]}]},{"@type":"ImageObject","inLanguage":"de","@id":"https:\/\/capner.ch\/de\/product\/liberty-10-0\/#primaryimage","url":"https:\/\/capner.ch\/wp-content\/uploads\/sites\/5\/2025\/08\/liberty_10.0_nero.png","contentUrl":"https:\/\/capner.ch\/wp-content\/uploads\/sites\/5\/2025\/08\/liberty_10.0_nero.png","width":1333,"height":2000},{"@type":"BreadcrumbList","@id":"https:\/\/capner.ch\/de\/product\/liberty-10-0\/#breadcrumb","itemListElement":[{"@type":"ListItem","position":1,"name":"Home","item":"https:\/\/capner.ch\/de\/"},{"@type":"ListItem","position":2,"name":"LIBERTY 10.0"}]},{"@type":"WebSite","@id":"https:\/\/capner.ch\/de\/#website","url":"https:\/\/capner.ch\/de\/","name":"Capner CH","description":"","publisher":{"@id":"https:\/\/capner.ch\/de\/#organization"},"potentialAction":[{"@type":"SearchAction","target":{"@type":"EntryPoint","urlTemplate":"https:\/\/capner.ch\/de\/?s={search_term_string}"},"query-input":{"@type":"PropertyValueSpecification","valueRequired":true,"valueName":"search_term_string"}}],"inLanguage":"de"},{"@type":"Organization","@id":"https:\/\/capner.ch\/de\/#organization","name":"Capner CH","url":"https:\/\/capner.ch\/de\/","logo":{"@type":"ImageObject","inLanguage":"de","@id":"https:\/\/capner.ch\/de\/#\/schema\/logo\/image\/","url":"https:\/\/capner.ch\/wp-content\/uploads\/sites\/5\/2025\/02\/capner-logo-svg-1.svg","contentUrl":"https:\/\/capner.ch\/wp-content\/uploads\/sites\/5\/2025\/02\/capner-logo-svg-1.svg","caption":"Capner CH"},"image":{"@id":"https:\/\/capner.ch\/de\/#\/schema\/logo\/image\/"}}]}},"acf":{"pdf_brochure":1789,"tipo_prodotto":"","img_prod":1242},"_links":{"self":[{"href":"https:\/\/capner.ch\/de\/wp-json\/wp\/v2\/product\/1626","targetHints":{"allow":["GET"]}}],"collection":[{"href":"https:\/\/capner.ch\/de\/wp-json\/wp\/v2\/product"}],"about":[{"href":"https:\/\/capner.ch\/de\/wp-json\/wp\/v2\/types\/product"}],"wp:featuredmedia":[{"embeddable":true,"href":"https:\/\/capner.ch\/de\/wp-json\/wp\/v2\/media\/1238"}],"wp:attachment":[{"href":"https:\/\/capner.ch\/de\/wp-json\/wp\/v2\/media?parent=1626"}],"wp:term":[{"taxonomy":"tipo-prodotto","embeddable":true,"href":"https:\/\/capner.ch\/de\/wp-json\/wp\/v2\/tipo-prodotto?post=1626"}],"curies":[{"name":"wp","href":"https:\/\/api.w.org\/{rel}","templated":true}]}}