{"id":1629,"date":"2025-08-07T11:52:08","date_gmt":"2025-08-07T09:52:08","guid":{"rendered":"https:\/\/capner.ch\/product\/dulaan180-boiler-thermodynamique\/"},"modified":"2026-03-20T17:01:50","modified_gmt":"2026-03-20T16:01:50","slug":"dulaan180-boiler-thermodynamique","status":"publish","type":"product","link":"https:\/\/capner.ch\/de\/product\/dulaan180-boiler-thermodynamique\/","title":{"rendered":"DULAAN180 THERMODYNAMISCHER BOILER"},"content":{"rendered":"\n<h3 class=\"wp-block-heading has-titolo-medio-font-size\">ALL IN ONE<\/h3>\n\n\n\n<h3 class=\"wp-block-heading has-titolo-sezione-font-size\"><br>Heizung &amp; Warmwasser<br><strong>Thermodynamischer Boiler<\/strong><\/h3>\n\n\n\n<p class=\"\"><strong>R290<\/strong><br>Hat einen ODP-Wert von null, was bedeutet, dass er keinen negativen Einfluss auf die Ozonschicht hat, sowie einen extrem niedrigen GWP-Wert.<br><br><strong>ALL IN ONE<\/strong><br>Dank der Kombination aus Pufferspeicher und Speicher f\u00fcr Brauchwarmwasser ist eine einfache Installation und Platzersparnis m\u00f6glich. Zudem arbeitet die W\u00e4rmepumpe besonders ger\u00e4uscharm.<br><br><strong>HOHER COP<\/strong><br>Die ausgezeichnete Energieeinsparung hebt ihn von anderen Warmwasserbereitern deutlich ab.<\/p>\n\n\n\n<div style=\"height:50px\" aria-hidden=\"true\" class=\"wp-block-spacer\"><\/div>\n\n\n\n<div class=\"wp-block-columns pattern-galleria-prodotto is-layout-flex wp-container-core-columns-is-layout-fef0e728 wp-block-columns-is-layout-flex\">\n<div class=\"wp-block-column is-layout-flow wp-container-core-column-is-layout-e3d1c41b wp-block-column-is-layout-flow\">\n<figure data-wp-context=\"{&quot;imageId&quot;:&quot;69fd802d44c23&quot;}\" data-wp-interactive=\"core\/image\" class=\"wp-block-image size-full wp-lightbox-container\"><img loading=\"lazy\" decoding=\"async\" width=\"1142\" height=\"2000\" data-wp-class--hide=\"state.isContentHidden\" data-wp-class--show=\"state.isContentVisible\" data-wp-init=\"callbacks.setButtonStyles\" data-wp-on-async--click=\"actions.showLightbox\" data-wp-on-async--load=\"callbacks.setButtonStyles\" data-wp-on-async-window--resize=\"callbacks.setButtonStyles\" src=\"https:\/\/capner.ch\/wp-content\/uploads\/sites\/5\/2026\/03\/CAPNER_boiler_matte_front_2026.png\" alt=\"\" class=\"wp-image-1987\" style=\"aspect-ratio:3\/4;object-fit:contain\" srcset=\"https:\/\/capner.ch\/wp-content\/uploads\/sites\/5\/2026\/03\/CAPNER_boiler_matte_front_2026.png 1142w, https:\/\/capner.ch\/wp-content\/uploads\/sites\/5\/2026\/03\/CAPNER_boiler_matte_front_2026-171x300.png 171w, https:\/\/capner.ch\/wp-content\/uploads\/sites\/5\/2026\/03\/CAPNER_boiler_matte_front_2026-585x1024.png 585w, https:\/\/capner.ch\/wp-content\/uploads\/sites\/5\/2026\/03\/CAPNER_boiler_matte_front_2026-768x1345.png 768w, https:\/\/capner.ch\/wp-content\/uploads\/sites\/5\/2026\/03\/CAPNER_boiler_matte_front_2026-877x1536.png 877w\" sizes=\"auto, (max-width: 1142px) 100vw, 1142px\" \/><button\n\t\t\tclass=\"lightbox-trigger\"\n\t\t\ttype=\"button\"\n\t\t\taria-haspopup=\"dialog\"\n\t\t\taria-label=\"Vergr\u00f6\u00dfern\"\n\t\t\tdata-wp-init=\"callbacks.initTriggerButton\"\n\t\t\tdata-wp-on-async--click=\"actions.showLightbox\"\n\t\t\tdata-wp-style--right=\"state.imageButtonRight\"\n\t\t\tdata-wp-style--top=\"state.imageButtonTop\"\n\t\t>\n\t\t\t<svg xmlns=\"http:\/\/www.w3.org\/2000\/svg\" width=\"12\" height=\"12\" fill=\"none\" viewBox=\"0 0 12 12\">\n\t\t\t\t<path fill=\"#fff\" d=\"M2 0a2 2 0 0 0-2 2v2h1.5V2a.5.5 0 0 1 .5-.5h2V0H2Zm2 10.5H2a.5.5 0 0 1-.5-.5V8H0v2a2 2 0 0 0 2 2h2v-1.5ZM8 12v-1.5h2a.5.5 0 0 0 .5-.5V8H12v2a2 2 0 0 1-2 2H8Zm2-12a2 2 0 0 1 2 2v2h-1.5V2a.5.5 0 0 0-.5-.5H8V0h2Z\" \/>\n\t\t\t<\/svg>\n\t\t<\/button><\/figure>\n<\/div>\n\n\n\n<div class=\"wp-block-column is-layout-flow wp-container-core-column-is-layout-e3d1c41b wp-block-column-is-layout-flow\">\n<figure data-wp-context=\"{&quot;imageId&quot;:&quot;69fd802d46acd&quot;}\" data-wp-interactive=\"core\/image\" class=\"wp-block-image size-full wp-lightbox-container\"><img loading=\"lazy\" decoding=\"async\" width=\"1556\" height=\"2000\" data-wp-class--hide=\"state.isContentHidden\" data-wp-class--show=\"state.isContentVisible\" data-wp-init=\"callbacks.setButtonStyles\" data-wp-on-async--click=\"actions.showLightbox\" data-wp-on-async--load=\"callbacks.setButtonStyles\" data-wp-on-async-window--resize=\"callbacks.setButtonStyles\" src=\"https:\/\/capner.ch\/wp-content\/uploads\/sites\/5\/2025\/09\/capner_boiler_booster_ambientata_render_mod.jpg\" alt=\"\" class=\"wp-image-1796\" srcset=\"https:\/\/capner.ch\/wp-content\/uploads\/sites\/5\/2025\/09\/capner_boiler_booster_ambientata_render_mod.jpg 1556w, https:\/\/capner.ch\/wp-content\/uploads\/sites\/5\/2025\/09\/capner_boiler_booster_ambientata_render_mod-233x300.jpg 233w, https:\/\/capner.ch\/wp-content\/uploads\/sites\/5\/2025\/09\/capner_boiler_booster_ambientata_render_mod-797x1024.jpg 797w, https:\/\/capner.ch\/wp-content\/uploads\/sites\/5\/2025\/09\/capner_boiler_booster_ambientata_render_mod-768x987.jpg 768w, https:\/\/capner.ch\/wp-content\/uploads\/sites\/5\/2025\/09\/capner_boiler_booster_ambientata_render_mod-1195x1536.jpg 1195w\" sizes=\"auto, (max-width: 1556px) 100vw, 1556px\" \/><button\n\t\t\tclass=\"lightbox-trigger\"\n\t\t\ttype=\"button\"\n\t\t\taria-haspopup=\"dialog\"\n\t\t\taria-label=\"Vergr\u00f6\u00dfern\"\n\t\t\tdata-wp-init=\"callbacks.initTriggerButton\"\n\t\t\tdata-wp-on-async--click=\"actions.showLightbox\"\n\t\t\tdata-wp-style--right=\"state.imageButtonRight\"\n\t\t\tdata-wp-style--top=\"state.imageButtonTop\"\n\t\t>\n\t\t\t<svg xmlns=\"http:\/\/www.w3.org\/2000\/svg\" width=\"12\" height=\"12\" fill=\"none\" viewBox=\"0 0 12 12\">\n\t\t\t\t<path fill=\"#fff\" d=\"M2 0a2 2 0 0 0-2 2v2h1.5V2a.5.5 0 0 1 .5-.5h2V0H2Zm2 10.5H2a.5.5 0 0 1-.5-.5V8H0v2a2 2 0 0 0 2 2h2v-1.5ZM8 12v-1.5h2a.5.5 0 0 0 .5-.5V8H12v2a2 2 0 0 1-2 2H8Zm2-12a2 2 0 0 1 2 2v2h-1.5V2a.5.5 0 0 0-.5-.5H8V0h2Z\" \/>\n\t\t\t<\/svg>\n\t\t<\/button><\/figure>\n\n\n\n<figure data-wp-context=\"{&quot;imageId&quot;:&quot;69fd802d470ee&quot;}\" data-wp-interactive=\"core\/image\" class=\"wp-block-image size-full wp-lightbox-container\"><img loading=\"lazy\" decoding=\"async\" width=\"597\" height=\"1500\" data-wp-class--hide=\"state.isContentHidden\" data-wp-class--show=\"state.isContentVisible\" data-wp-init=\"callbacks.setButtonStyles\" data-wp-on-async--click=\"actions.showLightbox\" data-wp-on-async--load=\"callbacks.setButtonStyles\" data-wp-on-async-window--resize=\"callbacks.setButtonStyles\" src=\"https:\/\/capner.ch\/wp-content\/uploads\/sites\/5\/2026\/03\/CAPNER_boiler_matte_R_web_2026.png\" alt=\"\" class=\"wp-image-1989\" style=\"aspect-ratio:3\/4;object-fit:contain\" srcset=\"https:\/\/capner.ch\/wp-content\/uploads\/sites\/5\/2026\/03\/CAPNER_boiler_matte_R_web_2026.png 597w, https:\/\/capner.ch\/wp-content\/uploads\/sites\/5\/2026\/03\/CAPNER_boiler_matte_R_web_2026-119x300.png 119w, https:\/\/capner.ch\/wp-content\/uploads\/sites\/5\/2026\/03\/CAPNER_boiler_matte_R_web_2026-408x1024.png 408w\" sizes=\"auto, (max-width: 597px) 100vw, 597px\" \/><button\n\t\t\tclass=\"lightbox-trigger\"\n\t\t\ttype=\"button\"\n\t\t\taria-haspopup=\"dialog\"\n\t\t\taria-label=\"Vergr\u00f6\u00dfern\"\n\t\t\tdata-wp-init=\"callbacks.initTriggerButton\"\n\t\t\tdata-wp-on-async--click=\"actions.showLightbox\"\n\t\t\tdata-wp-style--right=\"state.imageButtonRight\"\n\t\t\tdata-wp-style--top=\"state.imageButtonTop\"\n\t\t>\n\t\t\t<svg xmlns=\"http:\/\/www.w3.org\/2000\/svg\" width=\"12\" height=\"12\" fill=\"none\" viewBox=\"0 0 12 12\">\n\t\t\t\t<path fill=\"#fff\" d=\"M2 0a2 2 0 0 0-2 2v2h1.5V2a.5.5 0 0 1 .5-.5h2V0H2Zm2 10.5H2a.5.5 0 0 1-.5-.5V8H0v2a2 2 0 0 0 2 2h2v-1.5ZM8 12v-1.5h2a.5.5 0 0 0 .5-.5V8H12v2a2 2 0 0 1-2 2H8Zm2-12a2 2 0 0 1 2 2v2h-1.5V2a.5.5 0 0 0-.5-.5H8V0h2Z\" \/>\n\t\t\t<\/svg>\n\t\t<\/button><\/figure>\n<\/div>\n<\/div>\n","protected":false},"excerpt":{"rendered":"<p>Heizung &#038; Warmwasser<\/p>\n","protected":false},"featured_media":1987,"template":"single-product-2","tipo-prodotto":[48],"class_list":["post-1629","product","type-product","status-publish","has-post-thumbnail","hentry","tipo-prodotto-boiler-und-booster"],"yoast_head":"<!-- This site is optimized with the Yoast SEO plugin v27.5 - https:\/\/yoast.com\/product\/yoast-seo-wordpress\/ -->\n<title>DULAAN180 THERMODYNAMISCHER BOILER - Capner CH<\/title>\n<meta name=\"robots\" content=\"index, follow, max-snippet:-1, max-image-preview:large, max-video-preview:-1\" \/>\n<link rel=\"canonical\" href=\"https:\/\/capner.ch\/de\/product\/dulaan180-boiler-thermodynamique\/\" \/>\n<meta property=\"og:locale\" content=\"de_DE\" \/>\n<meta property=\"og:type\" content=\"article\" \/>\n<meta property=\"og:title\" content=\"DULAAN180 THERMODYNAMISCHER BOILER - Capner CH\" \/>\n<meta property=\"og:description\" content=\"Heizung &amp; Warmwasser\" \/>\n<meta property=\"og:url\" content=\"https:\/\/capner.ch\/de\/product\/dulaan180-boiler-thermodynamique\/\" \/>\n<meta property=\"og:site_name\" content=\"Capner CH\" \/>\n<meta property=\"article:modified_time\" content=\"2026-03-20T16:01:50+00:00\" \/>\n<meta property=\"og:image\" content=\"https:\/\/capner.ch\/wp-content\/uploads\/sites\/5\/2026\/03\/CAPNER_boiler_matte_front_2026.png\" \/>\n\t<meta property=\"og:image:width\" content=\"1142\" \/>\n\t<meta property=\"og:image:height\" content=\"2000\" \/>\n\t<meta property=\"og:image:type\" content=\"image\/png\" \/>\n<meta name=\"twitter:card\" content=\"summary_large_image\" \/>\n<meta name=\"twitter:label1\" content=\"Gesch\u00e4tzte Lesezeit\" \/>\n\t<meta name=\"twitter:data1\" content=\"2\u00a0Minuten\" \/>\n<script type=\"application\/ld+json\" class=\"yoast-schema-graph\">{\"@context\":\"https:\\\/\\\/schema.org\",\"@graph\":[{\"@type\":\"WebPage\",\"@id\":\"https:\\\/\\\/capner.ch\\\/de\\\/product\\\/dulaan180-boiler-thermodynamique\\\/\",\"url\":\"https:\\\/\\\/capner.ch\\\/de\\\/product\\\/dulaan180-boiler-thermodynamique\\\/\",\"name\":\"DULAAN180 THERMODYNAMISCHER BOILER - Capner CH\",\"isPartOf\":{\"@id\":\"https:\\\/\\\/capner.ch\\\/de\\\/#website\"},\"primaryImageOfPage\":{\"@id\":\"https:\\\/\\\/capner.ch\\\/de\\\/product\\\/dulaan180-boiler-thermodynamique\\\/#primaryimage\"},\"image\":{\"@id\":\"https:\\\/\\\/capner.ch\\\/de\\\/product\\\/dulaan180-boiler-thermodynamique\\\/#primaryimage\"},\"thumbnailUrl\":\"https:\\\/\\\/capner.ch\\\/wp-content\\\/uploads\\\/sites\\\/5\\\/2026\\\/03\\\/CAPNER_boiler_matte_front_2026.png\",\"datePublished\":\"2025-08-07T09:52:08+00:00\",\"dateModified\":\"2026-03-20T16:01:50+00:00\",\"breadcrumb\":{\"@id\":\"https:\\\/\\\/capner.ch\\\/de\\\/product\\\/dulaan180-boiler-thermodynamique\\\/#breadcrumb\"},\"inLanguage\":\"de\",\"potentialAction\":[{\"@type\":\"ReadAction\",\"target\":[\"https:\\\/\\\/capner.ch\\\/de\\\/product\\\/dulaan180-boiler-thermodynamique\\\/\"]}]},{\"@type\":\"ImageObject\",\"inLanguage\":\"de\",\"@id\":\"https:\\\/\\\/capner.ch\\\/de\\\/product\\\/dulaan180-boiler-thermodynamique\\\/#primaryimage\",\"url\":\"https:\\\/\\\/capner.ch\\\/wp-content\\\/uploads\\\/sites\\\/5\\\/2026\\\/03\\\/CAPNER_boiler_matte_front_2026.png\",\"contentUrl\":\"https:\\\/\\\/capner.ch\\\/wp-content\\\/uploads\\\/sites\\\/5\\\/2026\\\/03\\\/CAPNER_boiler_matte_front_2026.png\",\"width\":1142,\"height\":2000},{\"@type\":\"BreadcrumbList\",\"@id\":\"https:\\\/\\\/capner.ch\\\/de\\\/product\\\/dulaan180-boiler-thermodynamique\\\/#breadcrumb\",\"itemListElement\":[{\"@type\":\"ListItem\",\"position\":1,\"name\":\"Home\",\"item\":\"https:\\\/\\\/capner.ch\\\/de\\\/\"},{\"@type\":\"ListItem\",\"position\":2,\"name\":\"DULAAN180 THERMODYNAMISCHER BOILER\"}]},{\"@type\":\"WebSite\",\"@id\":\"https:\\\/\\\/capner.ch\\\/de\\\/#website\",\"url\":\"https:\\\/\\\/capner.ch\\\/de\\\/\",\"name\":\"Capner CH\",\"description\":\"\",\"publisher\":{\"@id\":\"https:\\\/\\\/capner.ch\\\/de\\\/#organization\"},\"potentialAction\":[{\"@type\":\"SearchAction\",\"target\":{\"@type\":\"EntryPoint\",\"urlTemplate\":\"https:\\\/\\\/capner.ch\\\/de\\\/?s={search_term_string}\"},\"query-input\":{\"@type\":\"PropertyValueSpecification\",\"valueRequired\":true,\"valueName\":\"search_term_string\"}}],\"inLanguage\":\"de\"},{\"@type\":\"Organization\",\"@id\":\"https:\\\/\\\/capner.ch\\\/de\\\/#organization\",\"name\":\"Capner CH\",\"url\":\"https:\\\/\\\/capner.ch\\\/de\\\/\",\"logo\":{\"@type\":\"ImageObject\",\"inLanguage\":\"de\",\"@id\":\"https:\\\/\\\/capner.ch\\\/de\\\/#\\\/schema\\\/logo\\\/image\\\/\",\"url\":\"https:\\\/\\\/capner.ch\\\/wp-content\\\/uploads\\\/sites\\\/5\\\/2025\\\/02\\\/capner-logo-svg-1.svg\",\"contentUrl\":\"https:\\\/\\\/capner.ch\\\/wp-content\\\/uploads\\\/sites\\\/5\\\/2025\\\/02\\\/capner-logo-svg-1.svg\",\"caption\":\"Capner CH\"},\"image\":{\"@id\":\"https:\\\/\\\/capner.ch\\\/de\\\/#\\\/schema\\\/logo\\\/image\\\/\"}}]}<\/script>\n<!-- \/ Yoast SEO plugin. -->","yoast_head_json":{"title":"DULAAN180 THERMODYNAMISCHER BOILER - Capner CH","robots":{"index":"index","follow":"follow","max-snippet":"max-snippet:-1","max-image-preview":"max-image-preview:large","max-video-preview":"max-video-preview:-1"},"canonical":"https:\/\/capner.ch\/de\/product\/dulaan180-boiler-thermodynamique\/","og_locale":"de_DE","og_type":"article","og_title":"DULAAN180 THERMODYNAMISCHER BOILER - Capner CH","og_description":"Heizung & Warmwasser","og_url":"https:\/\/capner.ch\/de\/product\/dulaan180-boiler-thermodynamique\/","og_site_name":"Capner CH","article_modified_time":"2026-03-20T16:01:50+00:00","og_image":[{"width":1142,"height":2000,"url":"https:\/\/capner.ch\/wp-content\/uploads\/sites\/5\/2026\/03\/CAPNER_boiler_matte_front_2026.png","type":"image\/png"}],"twitter_card":"summary_large_image","twitter_misc":{"Gesch\u00e4tzte Lesezeit":"2\u00a0Minuten"},"schema":{"@context":"https:\/\/schema.org","@graph":[{"@type":"WebPage","@id":"https:\/\/capner.ch\/de\/product\/dulaan180-boiler-thermodynamique\/","url":"https:\/\/capner.ch\/de\/product\/dulaan180-boiler-thermodynamique\/","name":"DULAAN180 THERMODYNAMISCHER BOILER - Capner CH","isPartOf":{"@id":"https:\/\/capner.ch\/de\/#website"},"primaryImageOfPage":{"@id":"https:\/\/capner.ch\/de\/product\/dulaan180-boiler-thermodynamique\/#primaryimage"},"image":{"@id":"https:\/\/capner.ch\/de\/product\/dulaan180-boiler-thermodynamique\/#primaryimage"},"thumbnailUrl":"https:\/\/capner.ch\/wp-content\/uploads\/sites\/5\/2026\/03\/CAPNER_boiler_matte_front_2026.png","datePublished":"2025-08-07T09:52:08+00:00","dateModified":"2026-03-20T16:01:50+00:00","breadcrumb":{"@id":"https:\/\/capner.ch\/de\/product\/dulaan180-boiler-thermodynamique\/#breadcrumb"},"inLanguage":"de","potentialAction":[{"@type":"ReadAction","target":["https:\/\/capner.ch\/de\/product\/dulaan180-boiler-thermodynamique\/"]}]},{"@type":"ImageObject","inLanguage":"de","@id":"https:\/\/capner.ch\/de\/product\/dulaan180-boiler-thermodynamique\/#primaryimage","url":"https:\/\/capner.ch\/wp-content\/uploads\/sites\/5\/2026\/03\/CAPNER_boiler_matte_front_2026.png","contentUrl":"https:\/\/capner.ch\/wp-content\/uploads\/sites\/5\/2026\/03\/CAPNER_boiler_matte_front_2026.png","width":1142,"height":2000},{"@type":"BreadcrumbList","@id":"https:\/\/capner.ch\/de\/product\/dulaan180-boiler-thermodynamique\/#breadcrumb","itemListElement":[{"@type":"ListItem","position":1,"name":"Home","item":"https:\/\/capner.ch\/de\/"},{"@type":"ListItem","position":2,"name":"DULAAN180 THERMODYNAMISCHER BOILER"}]},{"@type":"WebSite","@id":"https:\/\/capner.ch\/de\/#website","url":"https:\/\/capner.ch\/de\/","name":"Capner CH","description":"","publisher":{"@id":"https:\/\/capner.ch\/de\/#organization"},"potentialAction":[{"@type":"SearchAction","target":{"@type":"EntryPoint","urlTemplate":"https:\/\/capner.ch\/de\/?s={search_term_string}"},"query-input":{"@type":"PropertyValueSpecification","valueRequired":true,"valueName":"search_term_string"}}],"inLanguage":"de"},{"@type":"Organization","@id":"https:\/\/capner.ch\/de\/#organization","name":"Capner CH","url":"https:\/\/capner.ch\/de\/","logo":{"@type":"ImageObject","inLanguage":"de","@id":"https:\/\/capner.ch\/de\/#\/schema\/logo\/image\/","url":"https:\/\/capner.ch\/wp-content\/uploads\/sites\/5\/2025\/02\/capner-logo-svg-1.svg","contentUrl":"https:\/\/capner.ch\/wp-content\/uploads\/sites\/5\/2025\/02\/capner-logo-svg-1.svg","caption":"Capner CH"},"image":{"@id":"https:\/\/capner.ch\/de\/#\/schema\/logo\/image\/"}}]}},"acf":{"pdf_brochure":1909,"tipo_prodotto":"","img_prod":1988},"_links":{"self":[{"href":"https:\/\/capner.ch\/de\/wp-json\/wp\/v2\/product\/1629","targetHints":{"allow":["GET"]}}],"collection":[{"href":"https:\/\/capner.ch\/de\/wp-json\/wp\/v2\/product"}],"about":[{"href":"https:\/\/capner.ch\/de\/wp-json\/wp\/v2\/types\/product"}],"wp:featuredmedia":[{"embeddable":true,"href":"https:\/\/capner.ch\/de\/wp-json\/wp\/v2\/media\/1987"}],"wp:attachment":[{"href":"https:\/\/capner.ch\/de\/wp-json\/wp\/v2\/media?parent=1629"}],"wp:term":[{"taxonomy":"tipo-prodotto","embeddable":true,"href":"https:\/\/capner.ch\/de\/wp-json\/wp\/v2\/tipo-prodotto?post=1629"}],"curies":[{"name":"wp","href":"https:\/\/api.w.org\/{rel}","templated":true}]}}