{"id":1637,"date":"2025-08-07T12:02:55","date_gmt":"2025-08-07T10:02:55","guid":{"rendered":"https:\/\/capner.ch\/product\/ev-power\/"},"modified":"2025-10-17T11:26:47","modified_gmt":"2025-10-17T09:26:47","slug":"ev-power","status":"publish","type":"product","link":"https:\/\/capner.ch\/de\/product\/ev-power\/","title":{"rendered":"EV Power"},"content":{"rendered":"\n<h2 class=\"wp-block-heading has-titolo-sezione-font-size\"><strong>Flexible<\/strong> und <strong>leistungsstarke<\/strong> Ladeleistung<\/h2>\n\n\n\n<p class=\"\">Unsere EV Power-Ladestation wurde f\u00fcr schnelles und flexibles Laden entwickelt, um die Wartezeit zu verk\u00fcrzen und eine \u00fcberlegene Leistung zu bieten.<br>W\u00e4hlen Sie unsere Ladel\u00f6sungen und geniessen Sie die Gewissheit, Produkte von hoher Qualit\u00e4t zu verwenden \u2013 langlebig, intelligent und nachhaltig.<\/p>\n\n\n\n<ul class=\"wp-block-list\">\n<li class=\"\">Ethernet<\/li>\n\n\n\n<li class=\"\">Optionales 4G<\/li>\n\n\n\n<li class=\"\">WLAN<\/li>\n\n\n\n<li class=\"\">Kann zu 100 % mit gr\u00fcnem Strom aus einer heimischen Photovoltaikanlage geladen werden (DLB-Modus) zur Reduzierung der Stromrechnung<\/li>\n\n\n\n<li class=\"\">Dynamisches Lastmanagement (DLB-Modus): Ohne zus\u00e4tzliche Kommunikationskabel passt sich der Ladevorgang automatisch an, um den Haushaltsstromverbrauch zu priorisieren<\/li>\n\n\n\n<li class=\"\">OCPP-Kommunikation zur Integration in ein optionales Lademanagementsystem<\/li>\n\n\n\n<li class=\"\">Smart App f\u00fcr Steuerung und \u00dcberwachung<\/li>\n<\/ul>\n\n\n\n<div style=\"height:50px\" aria-hidden=\"true\" class=\"wp-block-spacer\"><\/div>\n\n\n\n<div class=\"wp-block-columns pattern-galleria-prodotto is-layout-flex wp-container-core-columns-is-layout-fef0e728 wp-block-columns-is-layout-flex\">\n<div class=\"wp-block-column is-layout-flow wp-container-core-column-is-layout-e3d1c41b wp-block-column-is-layout-flow\">\n<figure data-wp-context=\"{&quot;imageId&quot;:&quot;69fd802ba2b26&quot;}\" data-wp-interactive=\"core\/image\" class=\"wp-block-image size-full wp-lightbox-container\"><img loading=\"lazy\" decoding=\"async\" width=\"1007\" height=\"1024\" data-wp-class--hide=\"state.isContentHidden\" data-wp-class--show=\"state.isContentVisible\" data-wp-init=\"callbacks.setButtonStyles\" data-wp-on-async--click=\"actions.showLightbox\" data-wp-on-async--load=\"callbacks.setButtonStyles\" data-wp-on-async-window--resize=\"callbacks.setButtonStyles\" src=\"https:\/\/capner.ch\/wp-content\/uploads\/sites\/5\/2025\/08\/capner_ev_power_gamma-1007x1024-1.png\" alt=\"\" class=\"wp-image-1201\" style=\"aspect-ratio:1;object-fit:cover\" srcset=\"https:\/\/capner.ch\/wp-content\/uploads\/sites\/5\/2025\/08\/capner_ev_power_gamma-1007x1024-1.png 1007w, https:\/\/capner.ch\/wp-content\/uploads\/sites\/5\/2025\/08\/capner_ev_power_gamma-1007x1024-1-295x300.png 295w, https:\/\/capner.ch\/wp-content\/uploads\/sites\/5\/2025\/08\/capner_ev_power_gamma-1007x1024-1-768x781.png 768w\" sizes=\"auto, (max-width: 1007px) 100vw, 1007px\" \/><button\n\t\t\tclass=\"lightbox-trigger\"\n\t\t\ttype=\"button\"\n\t\t\taria-haspopup=\"dialog\"\n\t\t\taria-label=\"Vergr\u00f6\u00dfern\"\n\t\t\tdata-wp-init=\"callbacks.initTriggerButton\"\n\t\t\tdata-wp-on-async--click=\"actions.showLightbox\"\n\t\t\tdata-wp-style--right=\"state.imageButtonRight\"\n\t\t\tdata-wp-style--top=\"state.imageButtonTop\"\n\t\t>\n\t\t\t<svg xmlns=\"http:\/\/www.w3.org\/2000\/svg\" width=\"12\" height=\"12\" fill=\"none\" viewBox=\"0 0 12 12\">\n\t\t\t\t<path fill=\"#fff\" d=\"M2 0a2 2 0 0 0-2 2v2h1.5V2a.5.5 0 0 1 .5-.5h2V0H2Zm2 10.5H2a.5.5 0 0 1-.5-.5V8H0v2a2 2 0 0 0 2 2h2v-1.5ZM8 12v-1.5h2a.5.5 0 0 0 .5-.5V8H12v2a2 2 0 0 1-2 2H8Zm2-12a2 2 0 0 1 2 2v2h-1.5V2a.5.5 0 0 0-.5-.5H8V0h2Z\" \/>\n\t\t\t<\/svg>\n\t\t<\/button><\/figure>\n\n\n\n<figure data-wp-context=\"{&quot;imageId&quot;:&quot;69fd802ba3180&quot;}\" data-wp-interactive=\"core\/image\" class=\"wp-block-image size-full wp-lightbox-container\"><img loading=\"lazy\" decoding=\"async\" width=\"1264\" height=\"1333\" data-wp-class--hide=\"state.isContentHidden\" data-wp-class--show=\"state.isContentVisible\" data-wp-init=\"callbacks.setButtonStyles\" data-wp-on-async--click=\"actions.showLightbox\" data-wp-on-async--load=\"callbacks.setButtonStyles\" data-wp-on-async-window--resize=\"callbacks.setButtonStyles\" src=\"https:\/\/capner.ch\/wp-content\/uploads\/sites\/5\/2025\/08\/Capner__R512041.jpg\" alt=\"\" class=\"wp-image-1207\" style=\"aspect-ratio:3\/4;object-fit:cover\" srcset=\"https:\/\/capner.ch\/wp-content\/uploads\/sites\/5\/2025\/08\/Capner__R512041.jpg 1264w, https:\/\/capner.ch\/wp-content\/uploads\/sites\/5\/2025\/08\/Capner__R512041-284x300.jpg 284w, https:\/\/capner.ch\/wp-content\/uploads\/sites\/5\/2025\/08\/Capner__R512041-971x1024.jpg 971w, https:\/\/capner.ch\/wp-content\/uploads\/sites\/5\/2025\/08\/Capner__R512041-768x810.jpg 768w\" sizes=\"auto, (max-width: 1264px) 100vw, 1264px\" \/><button\n\t\t\tclass=\"lightbox-trigger\"\n\t\t\ttype=\"button\"\n\t\t\taria-haspopup=\"dialog\"\n\t\t\taria-label=\"Vergr\u00f6\u00dfern\"\n\t\t\tdata-wp-init=\"callbacks.initTriggerButton\"\n\t\t\tdata-wp-on-async--click=\"actions.showLightbox\"\n\t\t\tdata-wp-style--right=\"state.imageButtonRight\"\n\t\t\tdata-wp-style--top=\"state.imageButtonTop\"\n\t\t>\n\t\t\t<svg xmlns=\"http:\/\/www.w3.org\/2000\/svg\" width=\"12\" height=\"12\" fill=\"none\" viewBox=\"0 0 12 12\">\n\t\t\t\t<path fill=\"#fff\" d=\"M2 0a2 2 0 0 0-2 2v2h1.5V2a.5.5 0 0 1 .5-.5h2V0H2Zm2 10.5H2a.5.5 0 0 1-.5-.5V8H0v2a2 2 0 0 0 2 2h2v-1.5ZM8 12v-1.5h2a.5.5 0 0 0 .5-.5V8H12v2a2 2 0 0 1-2 2H8Zm2-12a2 2 0 0 1 2 2v2h-1.5V2a.5.5 0 0 0-.5-.5H8V0h2Z\" \/>\n\t\t\t<\/svg>\n\t\t<\/button><\/figure>\n<\/div>\n\n\n\n<div class=\"wp-block-column is-layout-flow wp-container-core-column-is-layout-e3d1c41b wp-block-column-is-layout-flow\">\n<figure data-wp-context=\"{&quot;imageId&quot;:&quot;69fd802ba4ccd&quot;}\" data-wp-interactive=\"core\/image\" class=\"wp-block-image size-full wp-lightbox-container\"><img loading=\"lazy\" decoding=\"async\" width=\"1920\" height=\"2196\" data-wp-class--hide=\"state.isContentHidden\" data-wp-class--show=\"state.isContentVisible\" data-wp-init=\"callbacks.setButtonStyles\" data-wp-on-async--click=\"actions.showLightbox\" data-wp-on-async--load=\"callbacks.setButtonStyles\" data-wp-on-async-window--resize=\"callbacks.setButtonStyles\" src=\"https:\/\/capner.ch\/wp-content\/uploads\/sites\/5\/2025\/08\/Capner_ev_power_dettagli-min.jpg\" alt=\"\" class=\"wp-image-1199\" style=\"aspect-ratio:1;object-fit:cover\" srcset=\"https:\/\/capner.ch\/wp-content\/uploads\/sites\/5\/2025\/08\/Capner_ev_power_dettagli-min.jpg 1920w, https:\/\/capner.ch\/wp-content\/uploads\/sites\/5\/2025\/08\/Capner_ev_power_dettagli-min-262x300.jpg 262w, https:\/\/capner.ch\/wp-content\/uploads\/sites\/5\/2025\/08\/Capner_ev_power_dettagli-min-895x1024.jpg 895w, https:\/\/capner.ch\/wp-content\/uploads\/sites\/5\/2025\/08\/Capner_ev_power_dettagli-min-768x878.jpg 768w, https:\/\/capner.ch\/wp-content\/uploads\/sites\/5\/2025\/08\/Capner_ev_power_dettagli-min-1343x1536.jpg 1343w, https:\/\/capner.ch\/wp-content\/uploads\/sites\/5\/2025\/08\/Capner_ev_power_dettagli-min-1791x2048.jpg 1791w\" sizes=\"auto, (max-width: 1920px) 100vw, 1920px\" \/><button\n\t\t\tclass=\"lightbox-trigger\"\n\t\t\ttype=\"button\"\n\t\t\taria-haspopup=\"dialog\"\n\t\t\taria-label=\"Vergr\u00f6\u00dfern\"\n\t\t\tdata-wp-init=\"callbacks.initTriggerButton\"\n\t\t\tdata-wp-on-async--click=\"actions.showLightbox\"\n\t\t\tdata-wp-style--right=\"state.imageButtonRight\"\n\t\t\tdata-wp-style--top=\"state.imageButtonTop\"\n\t\t>\n\t\t\t<svg xmlns=\"http:\/\/www.w3.org\/2000\/svg\" width=\"12\" height=\"12\" fill=\"none\" viewBox=\"0 0 12 12\">\n\t\t\t\t<path fill=\"#fff\" d=\"M2 0a2 2 0 0 0-2 2v2h1.5V2a.5.5 0 0 1 .5-.5h2V0H2Zm2 10.5H2a.5.5 0 0 1-.5-.5V8H0v2a2 2 0 0 0 2 2h2v-1.5ZM8 12v-1.5h2a.5.5 0 0 0 .5-.5V8H12v2a2 2 0 0 1-2 2H8Zm2-12a2 2 0 0 1 2 2v2h-1.5V2a.5.5 0 0 0-.5-.5H8V0h2Z\" \/>\n\t\t\t<\/svg>\n\t\t<\/button><\/figure>\n\n\n\n<figure data-wp-context=\"{&quot;imageId&quot;:&quot;69fd802ba523d&quot;}\" data-wp-interactive=\"core\/image\" class=\"wp-block-image size-full wp-lightbox-container\"><img loading=\"lazy\" decoding=\"async\" width=\"1162\" height=\"1500\" data-wp-class--hide=\"state.isContentHidden\" data-wp-class--show=\"state.isContentVisible\" data-wp-init=\"callbacks.setButtonStyles\" data-wp-on-async--click=\"actions.showLightbox\" data-wp-on-async--load=\"callbacks.setButtonStyles\" data-wp-on-async-window--resize=\"callbacks.setButtonStyles\" src=\"https:\/\/capner.ch\/wp-content\/uploads\/sites\/5\/2025\/08\/capner_ev_power_lato.png\" alt=\"\" class=\"wp-image-1203\" style=\"aspect-ratio:3\/4;object-fit:cover\" srcset=\"https:\/\/capner.ch\/wp-content\/uploads\/sites\/5\/2025\/08\/capner_ev_power_lato.png 1162w, https:\/\/capner.ch\/wp-content\/uploads\/sites\/5\/2025\/08\/capner_ev_power_lato-232x300.png 232w, https:\/\/capner.ch\/wp-content\/uploads\/sites\/5\/2025\/08\/capner_ev_power_lato-793x1024.png 793w, https:\/\/capner.ch\/wp-content\/uploads\/sites\/5\/2025\/08\/capner_ev_power_lato-768x991.png 768w\" sizes=\"auto, (max-width: 1162px) 100vw, 1162px\" \/><button\n\t\t\tclass=\"lightbox-trigger\"\n\t\t\ttype=\"button\"\n\t\t\taria-haspopup=\"dialog\"\n\t\t\taria-label=\"Vergr\u00f6\u00dfern\"\n\t\t\tdata-wp-init=\"callbacks.initTriggerButton\"\n\t\t\tdata-wp-on-async--click=\"actions.showLightbox\"\n\t\t\tdata-wp-style--right=\"state.imageButtonRight\"\n\t\t\tdata-wp-style--top=\"state.imageButtonTop\"\n\t\t>\n\t\t\t<svg xmlns=\"http:\/\/www.w3.org\/2000\/svg\" width=\"12\" height=\"12\" fill=\"none\" viewBox=\"0 0 12 12\">\n\t\t\t\t<path fill=\"#fff\" d=\"M2 0a2 2 0 0 0-2 2v2h1.5V2a.5.5 0 0 1 .5-.5h2V0H2Zm2 10.5H2a.5.5 0 0 1-.5-.5V8H0v2a2 2 0 0 0 2 2h2v-1.5ZM8 12v-1.5h2a.5.5 0 0 0 .5-.5V8H12v2a2 2 0 0 1-2 2H8Zm2-12a2 2 0 0 1 2 2v2h-1.5V2a.5.5 0 0 0-.5-.5H8V0h2Z\" \/>\n\t\t\t<\/svg>\n\t\t<\/button><\/figure>\n<\/div>\n<\/div>\n","protected":false},"excerpt":{"rendered":"<p>Ladestationen f\u00fcr Elektrofahrzeuge.<\/p>\n","protected":false},"featured_media":1205,"template":"single-product-2","tipo-prodotto":[49],"class_list":["post-1637","product","type-product","status-publish","has-post-thumbnail","hentry","tipo-prodotto-ladestationen"],"yoast_head":"<!-- This site is optimized with the Yoast SEO plugin v27.5 - https:\/\/yoast.com\/product\/yoast-seo-wordpress\/ -->\n<title>EV Power - Capner CH<\/title>\n<meta name=\"robots\" content=\"index, follow, max-snippet:-1, max-image-preview:large, max-video-preview:-1\" \/>\n<link rel=\"canonical\" href=\"https:\/\/capner.ch\/de\/product\/ev-power\/\" \/>\n<meta property=\"og:locale\" content=\"de_DE\" \/>\n<meta property=\"og:type\" content=\"article\" \/>\n<meta property=\"og:title\" content=\"EV Power - Capner CH\" \/>\n<meta property=\"og:description\" content=\"Ladestationen f\u00fcr Elektrofahrzeuge.\" \/>\n<meta property=\"og:url\" content=\"https:\/\/capner.ch\/de\/product\/ev-power\/\" \/>\n<meta property=\"og:site_name\" content=\"Capner CH\" \/>\n<meta property=\"article:modified_time\" content=\"2025-10-17T09:26:47+00:00\" \/>\n<meta property=\"og:image\" content=\"https:\/\/capner.ch\/wp-content\/uploads\/sites\/5\/2025\/08\/Capner_ev_power.png\" \/>\n\t<meta property=\"og:image:width\" content=\"1000\" \/>\n\t<meta property=\"og:image:height\" content=\"1500\" \/>\n\t<meta property=\"og:image:type\" content=\"image\/png\" \/>\n<meta name=\"twitter:card\" content=\"summary_large_image\" \/>\n<meta name=\"twitter:label1\" content=\"Gesch\u00e4tzte Lesezeit\" \/>\n\t<meta name=\"twitter:data1\" content=\"2\u00a0Minuten\" \/>\n<script type=\"application\/ld+json\" class=\"yoast-schema-graph\">{\"@context\":\"https:\\\/\\\/schema.org\",\"@graph\":[{\"@type\":\"WebPage\",\"@id\":\"https:\\\/\\\/capner.ch\\\/de\\\/product\\\/ev-power\\\/\",\"url\":\"https:\\\/\\\/capner.ch\\\/de\\\/product\\\/ev-power\\\/\",\"name\":\"EV Power - Capner CH\",\"isPartOf\":{\"@id\":\"https:\\\/\\\/capner.ch\\\/de\\\/#website\"},\"primaryImageOfPage\":{\"@id\":\"https:\\\/\\\/capner.ch\\\/de\\\/product\\\/ev-power\\\/#primaryimage\"},\"image\":{\"@id\":\"https:\\\/\\\/capner.ch\\\/de\\\/product\\\/ev-power\\\/#primaryimage\"},\"thumbnailUrl\":\"https:\\\/\\\/capner.ch\\\/wp-content\\\/uploads\\\/sites\\\/5\\\/2025\\\/08\\\/Capner_ev_power.png\",\"datePublished\":\"2025-08-07T10:02:55+00:00\",\"dateModified\":\"2025-10-17T09:26:47+00:00\",\"breadcrumb\":{\"@id\":\"https:\\\/\\\/capner.ch\\\/de\\\/product\\\/ev-power\\\/#breadcrumb\"},\"inLanguage\":\"de\",\"potentialAction\":[{\"@type\":\"ReadAction\",\"target\":[\"https:\\\/\\\/capner.ch\\\/de\\\/product\\\/ev-power\\\/\"]}]},{\"@type\":\"ImageObject\",\"inLanguage\":\"de\",\"@id\":\"https:\\\/\\\/capner.ch\\\/de\\\/product\\\/ev-power\\\/#primaryimage\",\"url\":\"https:\\\/\\\/capner.ch\\\/wp-content\\\/uploads\\\/sites\\\/5\\\/2025\\\/08\\\/Capner_ev_power.png\",\"contentUrl\":\"https:\\\/\\\/capner.ch\\\/wp-content\\\/uploads\\\/sites\\\/5\\\/2025\\\/08\\\/Capner_ev_power.png\",\"width\":1000,\"height\":1500},{\"@type\":\"BreadcrumbList\",\"@id\":\"https:\\\/\\\/capner.ch\\\/de\\\/product\\\/ev-power\\\/#breadcrumb\",\"itemListElement\":[{\"@type\":\"ListItem\",\"position\":1,\"name\":\"Home\",\"item\":\"https:\\\/\\\/capner.ch\\\/de\\\/\"},{\"@type\":\"ListItem\",\"position\":2,\"name\":\"EV Power\"}]},{\"@type\":\"WebSite\",\"@id\":\"https:\\\/\\\/capner.ch\\\/de\\\/#website\",\"url\":\"https:\\\/\\\/capner.ch\\\/de\\\/\",\"name\":\"Capner CH\",\"description\":\"\",\"publisher\":{\"@id\":\"https:\\\/\\\/capner.ch\\\/de\\\/#organization\"},\"potentialAction\":[{\"@type\":\"SearchAction\",\"target\":{\"@type\":\"EntryPoint\",\"urlTemplate\":\"https:\\\/\\\/capner.ch\\\/de\\\/?s={search_term_string}\"},\"query-input\":{\"@type\":\"PropertyValueSpecification\",\"valueRequired\":true,\"valueName\":\"search_term_string\"}}],\"inLanguage\":\"de\"},{\"@type\":\"Organization\",\"@id\":\"https:\\\/\\\/capner.ch\\\/de\\\/#organization\",\"name\":\"Capner CH\",\"url\":\"https:\\\/\\\/capner.ch\\\/de\\\/\",\"logo\":{\"@type\":\"ImageObject\",\"inLanguage\":\"de\",\"@id\":\"https:\\\/\\\/capner.ch\\\/de\\\/#\\\/schema\\\/logo\\\/image\\\/\",\"url\":\"https:\\\/\\\/capner.ch\\\/wp-content\\\/uploads\\\/sites\\\/5\\\/2025\\\/02\\\/capner-logo-svg-1.svg\",\"contentUrl\":\"https:\\\/\\\/capner.ch\\\/wp-content\\\/uploads\\\/sites\\\/5\\\/2025\\\/02\\\/capner-logo-svg-1.svg\",\"caption\":\"Capner CH\"},\"image\":{\"@id\":\"https:\\\/\\\/capner.ch\\\/de\\\/#\\\/schema\\\/logo\\\/image\\\/\"}}]}<\/script>\n<!-- \/ Yoast SEO plugin. -->","yoast_head_json":{"title":"EV Power - Capner CH","robots":{"index":"index","follow":"follow","max-snippet":"max-snippet:-1","max-image-preview":"max-image-preview:large","max-video-preview":"max-video-preview:-1"},"canonical":"https:\/\/capner.ch\/de\/product\/ev-power\/","og_locale":"de_DE","og_type":"article","og_title":"EV Power - Capner CH","og_description":"Ladestationen f\u00fcr Elektrofahrzeuge.","og_url":"https:\/\/capner.ch\/de\/product\/ev-power\/","og_site_name":"Capner CH","article_modified_time":"2025-10-17T09:26:47+00:00","og_image":[{"width":1000,"height":1500,"url":"https:\/\/capner.ch\/wp-content\/uploads\/sites\/5\/2025\/08\/Capner_ev_power.png","type":"image\/png"}],"twitter_card":"summary_large_image","twitter_misc":{"Gesch\u00e4tzte Lesezeit":"2\u00a0Minuten"},"schema":{"@context":"https:\/\/schema.org","@graph":[{"@type":"WebPage","@id":"https:\/\/capner.ch\/de\/product\/ev-power\/","url":"https:\/\/capner.ch\/de\/product\/ev-power\/","name":"EV Power - Capner CH","isPartOf":{"@id":"https:\/\/capner.ch\/de\/#website"},"primaryImageOfPage":{"@id":"https:\/\/capner.ch\/de\/product\/ev-power\/#primaryimage"},"image":{"@id":"https:\/\/capner.ch\/de\/product\/ev-power\/#primaryimage"},"thumbnailUrl":"https:\/\/capner.ch\/wp-content\/uploads\/sites\/5\/2025\/08\/Capner_ev_power.png","datePublished":"2025-08-07T10:02:55+00:00","dateModified":"2025-10-17T09:26:47+00:00","breadcrumb":{"@id":"https:\/\/capner.ch\/de\/product\/ev-power\/#breadcrumb"},"inLanguage":"de","potentialAction":[{"@type":"ReadAction","target":["https:\/\/capner.ch\/de\/product\/ev-power\/"]}]},{"@type":"ImageObject","inLanguage":"de","@id":"https:\/\/capner.ch\/de\/product\/ev-power\/#primaryimage","url":"https:\/\/capner.ch\/wp-content\/uploads\/sites\/5\/2025\/08\/Capner_ev_power.png","contentUrl":"https:\/\/capner.ch\/wp-content\/uploads\/sites\/5\/2025\/08\/Capner_ev_power.png","width":1000,"height":1500},{"@type":"BreadcrumbList","@id":"https:\/\/capner.ch\/de\/product\/ev-power\/#breadcrumb","itemListElement":[{"@type":"ListItem","position":1,"name":"Home","item":"https:\/\/capner.ch\/de\/"},{"@type":"ListItem","position":2,"name":"EV Power"}]},{"@type":"WebSite","@id":"https:\/\/capner.ch\/de\/#website","url":"https:\/\/capner.ch\/de\/","name":"Capner CH","description":"","publisher":{"@id":"https:\/\/capner.ch\/de\/#organization"},"potentialAction":[{"@type":"SearchAction","target":{"@type":"EntryPoint","urlTemplate":"https:\/\/capner.ch\/de\/?s={search_term_string}"},"query-input":{"@type":"PropertyValueSpecification","valueRequired":true,"valueName":"search_term_string"}}],"inLanguage":"de"},{"@type":"Organization","@id":"https:\/\/capner.ch\/de\/#organization","name":"Capner CH","url":"https:\/\/capner.ch\/de\/","logo":{"@type":"ImageObject","inLanguage":"de","@id":"https:\/\/capner.ch\/de\/#\/schema\/logo\/image\/","url":"https:\/\/capner.ch\/wp-content\/uploads\/sites\/5\/2025\/02\/capner-logo-svg-1.svg","contentUrl":"https:\/\/capner.ch\/wp-content\/uploads\/sites\/5\/2025\/02\/capner-logo-svg-1.svg","caption":"Capner CH"},"image":{"@id":"https:\/\/capner.ch\/de\/#\/schema\/logo\/image\/"}}]}},"acf":{"pdf_brochure":1787,"tipo_prodotto":"","img_prod":1197},"_links":{"self":[{"href":"https:\/\/capner.ch\/de\/wp-json\/wp\/v2\/product\/1637","targetHints":{"allow":["GET"]}}],"collection":[{"href":"https:\/\/capner.ch\/de\/wp-json\/wp\/v2\/product"}],"about":[{"href":"https:\/\/capner.ch\/de\/wp-json\/wp\/v2\/types\/product"}],"wp:featuredmedia":[{"embeddable":true,"href":"https:\/\/capner.ch\/de\/wp-json\/wp\/v2\/media\/1205"}],"wp:attachment":[{"href":"https:\/\/capner.ch\/de\/wp-json\/wp\/v2\/media?parent=1637"}],"wp:term":[{"taxonomy":"tipo-prodotto","embeddable":true,"href":"https:\/\/capner.ch\/de\/wp-json\/wp\/v2\/tipo-prodotto?post=1637"}],"curies":[{"name":"wp","href":"https:\/\/api.w.org\/{rel}","templated":true}]}}